{"id":2471,"date":"2020-09-16T05:16:57","date_gmt":"2020-09-16T05:16:57","guid":{"rendered":"https:\/\/site.bistec.com.br\/vestuario\/contact-us\/"},"modified":"2024-03-28T16:22:58","modified_gmt":"2024-03-28T19:22:58","slug":"contact-us","status":"publish","type":"page","link":"https:\/\/site.bistec.com.br\/vestuario\/contact-us\/","title":{"rendered":"Contato"},"content":{"rendered":"<div class=\"wp-block-uagb-container uagb-block-4ea82442 alignfull uagb-is-root-container\"><div class=\"uagb-container-inner-blocks-wrap\"><div class=\"wp-block-uagb-advanced-heading uagb-block-5cb667a4\"><h1 class=\"uagb-heading-text\">Contate-nos<\/h1><\/div><\/div><\/div><div class=\"wp-block-uagb-container uagb-block-cb631c61 alignfull uagb-is-root-container\"><div class=\"uagb-container-inner-blocks-wrap\"><div class=\"wp-block-uagb-advanced-heading uagb-block-31fc47e1\"><h5 class=\"uagb-heading-text\">Tem alguma d\u00favida?<\/h5><\/div>\n\n<div class=\"wp-block-uagb-advanced-heading uagb-block-18fb44cb\"><h2 class=\"uagb-heading-text\">N\u00f3s estamos aqui para ajudar.\u200b<\/h2><div class=\"uagb-separator\"><\/div><\/div>\n\n<div class=\"wp-block-uagb-container uagb-block-8d478d84\"><div class=\"wp-block-uagb-container uagb-block-ad318174\"><div class=\"wp-block-uagb-advanced-heading uagb-block-803a4c96\"><h3 class=\"uagb-heading-text\">Vendas<\/h3><p class=\"uagb-desc-text\">Se estiver com alguma d\u00favida nos ligue<\/p><\/div>\n\n<div class=\"wp-block-uagb-advanced-heading uagb-block-28c44383\"><h5 class=\"uagb-heading-text\">1800 123 4567<\/h5><\/div><\/div>\n\n<div class=\"wp-block-uagb-container uagb-block-eedc770c\"><div class=\"wp-block-uagb-advanced-heading uagb-block-0152d9d2\"><h3 class=\"uagb-heading-text\">Reclama\u00e7\u00f5es<\/h3><p class=\"uagb-desc-text\">Se tiver alguma reclama\u00e7\u00e3o pode nos falar<\/p><\/div>\n\n<div class=\"wp-block-uagb-advanced-heading uagb-block-7b600c7c\"><h5 class=\"uagb-heading-text\">1900 223 8899<\/h5><\/div><\/div>\n\n<div class=\"wp-block-uagb-container uagb-block-bbac4cb6\"><div class=\"wp-block-uagb-advanced-heading uagb-block-425262b5\"><h3 class=\"uagb-heading-text\">Devolu\u00e7\u00f5es<\/h3><p class=\"uagb-desc-text\">Em caso de devolu\u00e7\u00e3o entre em contato<\/p><\/div>\n\n<div class=\"wp-block-uagb-advanced-heading uagb-block-40b56668\"><h5 class=\"uagb-heading-text\">returns@mail.com<\/h5><\/div><\/div>\n\n<div class=\"wp-block-uagb-container uagb-block-78f5ccad\"><div class=\"wp-block-uagb-advanced-heading uagb-block-1e9a5949\"><h3 class=\"uagb-heading-text\">Sugest\u00f5es<\/h3><p class=\"uagb-desc-text\">Gostar\u00edamos de receber suas sugest\u00f5es<\/p><\/div>\n\n<div class=\"wp-block-uagb-advanced-heading uagb-block-eb19c1f6\"><h5 class=\"uagb-heading-text\">1700 444 5578<\/h5><\/div><\/div><\/div><\/div><\/div><div class=\"wp-block-uagb-container uagb-block-98b63401 alignfull uagb-is-root-container\"><div class=\"uagb-container-inner-blocks-wrap\"><div class=\"wp-block-uagb-container uagb-block-3217553a\"><div class=\"wp-block-uagb-advanced-heading uagb-block-81ae79a7\"><h6 class=\"uagb-heading-text\">N\u00e3o seja um estranho!<\/h6><\/div>\n\n<div class=\"wp-block-uagb-advanced-heading uagb-block-b3edd072\"><h2 class=\"uagb-heading-text\">Voc\u00ea nos conta. N\u00f3s ouvimos.<\/h2><p class=\"uagb-desc-text\">entre em contato, pergunte, tire suas d\u00favidas, teremos o maior prazer em te responder.<\/p><\/div><\/div>\n\n<div class=\"wp-block-uagb-container uagb-block-51e1eb55\"><div class=\"wp-block-uagb-forms uagb-forms__outer-wrap uagb-block-f172f3f0 uagb-forms__default-btn\"><form class=\"uagb-forms-main-form\" method=\"post\" autocomplete=\"on\" name=\"uagb-form-f172f3f0\"><div class=\"wp-block-uagb-forms-name uagb-forms-name-wrap uagb-forms-field-set uagb-block-654bcfd2\"><div class=\"uagb-forms-name-label required uagb-forms-input-label\" id=\"654bcfd2\">First Name<\/div><input type=\"text\" placeholder=\"Nome\" required class=\"uagb-forms-name-input uagb-forms-input\" name=\"654bcfd2\" autocomplete=\"given-name\"\/><\/div>\n\n<div class=\"wp-block-uagb-forms-name uagb-forms-name-wrap uagb-forms-field-set uagb-block-3ee2026d\"><div class=\"uagb-forms-name-label required uagb-forms-input-label\" id=\"3ee2026d\">Last Name<\/div><input type=\"text\" placeholder=\"Sobrenome\" required class=\"uagb-forms-name-input uagb-forms-input\" name=\"3ee2026d\" autocomplete=\"family-name\"\/><\/div>\n\n<div class=\"wp-block-uagb-forms-email uagb-forms-email-wrap uagb-forms-field-set uagb-block-358030e8\"><div class=\"uagb-forms-email-label  uagb-forms-input-label\" id=\"358030e8\">E-Mail<\/div><input type=\"email\" class=\"uagb-forms-email-input uagb-forms-input\" placeholder=\"EMAIL\" name=\"358030e8\" autocomplete=\"email\"\/><\/div>\n\n<div class=\"wp-block-uagb-forms-textarea uagb-forms-textarea-wrap uagb-forms-field-set uagb-block-eb89a818\"><div class=\"uagb-forms-textarea-label required uagb-forms-input-label\" id=\"eb89a818\">Mensagem<\/div><textarea required class=\"uagb-forms-textarea-input uagb-forms-input\" rows=\"6\" placeholder=\"Mensagem\" name=\"eb89a818\" autocomplete=\"off\"><\/textarea><\/div><div class=\"uagb-forms-form-hidden-data\"><input type=\"hidden\" class=\"uagb_forms_form_label\" value=\"Formul\u00e1rio Spectra\"\/><input type=\"hidden\" class=\"uagb_forms_form_id\" value=\"uagb-form-f172f3f0\"\/><\/div><div class=\"uagb-form-reacaptcha-error-f172f3f0\"><\/div><div class=\"uagb-forms-main-submit-button-wrap wp-block-button\"><button class=\"uagb-forms-main-submit-button wp-block-button__link\"><div class=\"uagb-forms-main-submit-button-text\">enviar mensagem<\/div><\/button><\/div><\/form><div class=\"uagb-forms-success-message-f172f3f0 uagb-forms-submit-message-hide\"><span>Formul\u00e1rio enviado com sucesso!<\/span><\/div><div class=\"uagb-forms-failed-message-f172f3f0 uagb-forms-submit-message-hide\"><span>Ocorreu um erro ao enviar o formul\u00e1rio. Verifique todos os campos novamente.<\/span><\/div><\/div><\/div><\/div><\/div><div class=\"wp-block-uagb-container uagb-block-fd776ee5 alignfull uagb-is-root-container\"><div class=\"uagb-container-inner-blocks-wrap\"><\/div><\/div>","protected":false},"excerpt":{"rendered":"<p>Contate-nos Tem alguma d\u00favida? N\u00f3s estamos aqui para ajudar.\u200b Vendas Se estiver com alguma d\u00favida nos ligue 1800 123 4567 Reclama\u00e7\u00f5es Se tiver alguma reclama\u00e7\u00e3o pode nos falar 1900 223 8899 Devolu\u00e7\u00f5es Em caso de devolu\u00e7\u00e3o entre em contato returns@mail.com Sugest\u00f5es Gostar\u00edamos de receber suas sugest\u00f5es 1700 444 5578 N\u00e3o seja um estranho! Voc\u00ea nos [&hellip;]<\/p>\n","protected":false},"author":1,"featured_media":0,"parent":0,"menu_order":0,"comment_status":"closed","ping_status":"closed","template":"","meta":{"_uag_custom_page_level_css":"","site-sidebar-layout":"no-sidebar","site-content-layout":"plain-container","ast-site-content-layout":"full-width-container","site-content-style":"default","site-sidebar-style":"default","ast-global-header-display":"","ast-banner-title-visibility":"","ast-main-header-display":"","ast-hfb-above-header-display":"","ast-hfb-below-header-display":"","ast-hfb-mobile-header-display":"","site-post-title":"disabled","ast-breadcrumbs-content":"","ast-featured-img":"","footer-sml-layout":"","theme-transparent-header-meta":"enabled","adv-header-id-meta":"","stick-header-meta":"","header-above-stick-meta":"","header-main-stick-meta":"","header-below-stick-meta":"","astra-migrate-meta-layouts":"set","ast-page-background-enabled":"default","ast-page-background-meta":{"desktop":{"background-color":"","background-image":"","background-repeat":"repeat","background-position":"center center","background-size":"auto","background-attachment":"scroll","background-type":"","background-media":"","overlay-type":"","overlay-color":"","overlay-opacity":"","overlay-gradient":""},"tablet":{"background-color":"","background-image":"","background-repeat":"repeat","background-position":"center center","background-size":"auto","background-attachment":"scroll","background-type":"","background-media":"","overlay-type":"","overlay-color":"","overlay-opacity":"","overlay-gradient":""},"mobile":{"background-color":"","background-image":"","background-repeat":"repeat","background-position":"center center","background-size":"auto","background-attachment":"scroll","background-type":"","background-media":"","overlay-type":"","overlay-color":"","overlay-opacity":"","overlay-gradient":""}},"ast-content-background-meta":{"desktop":{"background-color":"var(--ast-global-color-5)","background-image":"","background-repeat":"repeat","background-position":"center center","background-size":"auto","background-attachment":"scroll","background-type":"","background-media":"","overlay-type":"","overlay-color":"","overlay-opacity":"","overlay-gradient":""},"tablet":{"background-color":"var(--ast-global-color-5)","background-image":"","background-repeat":"repeat","background-position":"center center","background-size":"auto","background-attachment":"scroll","background-type":"","background-media":"","overlay-type":"","overlay-color":"","overlay-opacity":"","overlay-gradient":""},"mobile":{"background-color":"var(--ast-global-color-5)","background-image":"","background-repeat":"repeat","background-position":"center center","background-size":"auto","background-attachment":"scroll","background-type":"","background-media":"","overlay-type":"","overlay-color":"","overlay-opacity":"","overlay-gradient":""}},"footnotes":""},"class_list":["post-2471","page","type-page","status-publish","hentry"],"yoast_head":"<!-- This site is optimized with the Yoast SEO plugin v24.4 - https:\/\/yoast.com\/wordpress\/plugins\/seo\/ -->\n<title>Contato - Site modelo Bistec para Vestu\u00e1rio Site modelo Bistec para Vestu\u00e1rio<\/title>\n<meta name=\"robots\" content=\"index, follow, max-snippet:-1, max-image-preview:large, max-video-preview:-1\" \/>\n<link rel=\"canonical\" href=\"https:\/\/site.bistec.com.br\/vestuario\/contact-us\/\" \/>\n<meta property=\"og:locale\" content=\"pt_BR\" \/>\n<meta property=\"og:type\" content=\"article\" \/>\n<meta property=\"og:title\" content=\"Contato - Site modelo Bistec para Vestu\u00e1rio Site modelo Bistec para Vestu\u00e1rio\" \/>\n<meta property=\"og:description\" content=\"Contate-nos Tem alguma d\u00favida? N\u00f3s estamos aqui para ajudar.\u200b Vendas Se estiver com alguma d\u00favida nos ligue 1800 123 4567 Reclama\u00e7\u00f5es Se tiver alguma reclama\u00e7\u00e3o pode nos falar 1900 223 8899 Devolu\u00e7\u00f5es Em caso de devolu\u00e7\u00e3o entre em contato returns@mail.com Sugest\u00f5es Gostar\u00edamos de receber suas sugest\u00f5es 1700 444 5578 N\u00e3o seja um estranho! Voc\u00ea nos [&hellip;]\" \/>\n<meta property=\"og:url\" content=\"https:\/\/site.bistec.com.br\/vestuario\/contact-us\/\" \/>\n<meta property=\"og:site_name\" content=\"Site modelo Bistec para Vestu\u00e1rio\" \/>\n<meta property=\"article:modified_time\" content=\"2024-03-28T19:22:58+00:00\" \/>\n<meta property=\"og:image\" content=\"https:\/\/site.bistec.com.br\/vestuario\/wp-content\/uploads\/2024\/03\/pexels-caio-63196-scaled.jpg\" \/>\n\t<meta property=\"og:image:width\" content=\"1920\" \/>\n\t<meta property=\"og:image:height\" content=\"1277\" \/>\n\t<meta property=\"og:image:type\" content=\"image\/jpeg\" \/>\n<meta name=\"twitter:card\" content=\"summary_large_image\" \/>\n<meta name=\"twitter:label1\" content=\"Est. tempo de leitura\" \/>\n\t<meta name=\"twitter:data1\" content=\"1 minuto\" \/>\n<script type=\"application\/ld+json\" class=\"yoast-schema-graph\">{\"@context\":\"https:\/\/schema.org\",\"@graph\":[{\"@type\":\"WebPage\",\"@id\":\"https:\/\/site.bistec.com.br\/vestuario\/contact-us\/\",\"url\":\"https:\/\/site.bistec.com.br\/vestuario\/contact-us\/\",\"name\":\"Contato - Site modelo Bistec para Vestu\u00e1rio Site modelo Bistec para Vestu\u00e1rio\",\"isPartOf\":{\"@id\":\"https:\/\/site.bistec.com.br\/vestuario\/#website\"},\"datePublished\":\"2020-09-16T05:16:57+00:00\",\"dateModified\":\"2024-03-28T19:22:58+00:00\",\"breadcrumb\":{\"@id\":\"https:\/\/site.bistec.com.br\/vestuario\/contact-us\/#breadcrumb\"},\"inLanguage\":\"pt-BR\",\"potentialAction\":[{\"@type\":\"ReadAction\",\"target\":[\"https:\/\/site.bistec.com.br\/vestuario\/contact-us\/\"]}]},{\"@type\":\"BreadcrumbList\",\"@id\":\"https:\/\/site.bistec.com.br\/vestuario\/contact-us\/#breadcrumb\",\"itemListElement\":[{\"@type\":\"ListItem\",\"position\":1,\"name\":\"In\u00edcio\",\"item\":\"https:\/\/site.bistec.com.br\/vestuario\/\"},{\"@type\":\"ListItem\",\"position\":2,\"name\":\"Contato\"}]},{\"@type\":\"WebSite\",\"@id\":\"https:\/\/site.bistec.com.br\/vestuario\/#website\",\"url\":\"https:\/\/site.bistec.com.br\/vestuario\/\",\"name\":\"Site modelo Bistec para Vestu\u00e1rio\",\"description\":\"site modelo de vestu\u00e1rio\",\"publisher\":{\"@id\":\"https:\/\/site.bistec.com.br\/vestuario\/#organization\"},\"alternateName\":\"Bistec Vestu\u00e1rio\",\"potentialAction\":[{\"@type\":\"SearchAction\",\"target\":{\"@type\":\"EntryPoint\",\"urlTemplate\":\"https:\/\/site.bistec.com.br\/vestuario\/?s={search_term_string}\"},\"query-input\":{\"@type\":\"PropertyValueSpecification\",\"valueRequired\":true,\"valueName\":\"search_term_string\"}}],\"inLanguage\":\"pt-BR\"},{\"@type\":\"Organization\",\"@id\":\"https:\/\/site.bistec.com.br\/vestuario\/#organization\",\"name\":\"Site modelo Bistec para Vestu\u00e1rio\",\"alternateName\":\"Bistec Vestu\u00e1rio\",\"url\":\"https:\/\/site.bistec.com.br\/vestuario\/\",\"logo\":{\"@type\":\"ImageObject\",\"inLanguage\":\"pt-BR\",\"@id\":\"https:\/\/site.bistec.com.br\/vestuario\/#\/schema\/logo\/image\/\",\"url\":\"https:\/\/site.bistec.com.br\/vestuario\/wp-content\/uploads\/2024\/03\/e-removebg-preview.png\",\"contentUrl\":\"https:\/\/site.bistec.com.br\/vestuario\/wp-content\/uploads\/2024\/03\/e-removebg-preview.png\",\"width\":500,\"height\":500,\"caption\":\"Site modelo Bistec para Vestu\u00e1rio\"},\"image\":{\"@id\":\"https:\/\/site.bistec.com.br\/vestuario\/#\/schema\/logo\/image\/\"}}]}<\/script>\n<!-- \/ Yoast SEO plugin. -->","yoast_head_json":{"title":"Contato - Site modelo Bistec para Vestu\u00e1rio Site modelo Bistec para Vestu\u00e1rio","robots":{"index":"index","follow":"follow","max-snippet":"max-snippet:-1","max-image-preview":"max-image-preview:large","max-video-preview":"max-video-preview:-1"},"canonical":"https:\/\/site.bistec.com.br\/vestuario\/contact-us\/","og_locale":"pt_BR","og_type":"article","og_title":"Contato - Site modelo Bistec para Vestu\u00e1rio Site modelo Bistec para Vestu\u00e1rio","og_description":"Contate-nos Tem alguma d\u00favida? N\u00f3s estamos aqui para ajudar.\u200b Vendas Se estiver com alguma d\u00favida nos ligue 1800 123 4567 Reclama\u00e7\u00f5es Se tiver alguma reclama\u00e7\u00e3o pode nos falar 1900 223 8899 Devolu\u00e7\u00f5es Em caso de devolu\u00e7\u00e3o entre em contato returns@mail.com Sugest\u00f5es Gostar\u00edamos de receber suas sugest\u00f5es 1700 444 5578 N\u00e3o seja um estranho! Voc\u00ea nos [&hellip;]","og_url":"https:\/\/site.bistec.com.br\/vestuario\/contact-us\/","og_site_name":"Site modelo Bistec para Vestu\u00e1rio","article_modified_time":"2024-03-28T19:22:58+00:00","og_image":[{"width":1920,"height":1277,"url":"https:\/\/site.bistec.com.br\/vestuario\/wp-content\/uploads\/2024\/03\/pexels-caio-63196-scaled.jpg","type":"image\/jpeg"}],"twitter_card":"summary_large_image","twitter_misc":{"Est. tempo de leitura":"1 minuto"},"schema":{"@context":"https:\/\/schema.org","@graph":[{"@type":"WebPage","@id":"https:\/\/site.bistec.com.br\/vestuario\/contact-us\/","url":"https:\/\/site.bistec.com.br\/vestuario\/contact-us\/","name":"Contato - Site modelo Bistec para Vestu\u00e1rio Site modelo Bistec para Vestu\u00e1rio","isPartOf":{"@id":"https:\/\/site.bistec.com.br\/vestuario\/#website"},"datePublished":"2020-09-16T05:16:57+00:00","dateModified":"2024-03-28T19:22:58+00:00","breadcrumb":{"@id":"https:\/\/site.bistec.com.br\/vestuario\/contact-us\/#breadcrumb"},"inLanguage":"pt-BR","potentialAction":[{"@type":"ReadAction","target":["https:\/\/site.bistec.com.br\/vestuario\/contact-us\/"]}]},{"@type":"BreadcrumbList","@id":"https:\/\/site.bistec.com.br\/vestuario\/contact-us\/#breadcrumb","itemListElement":[{"@type":"ListItem","position":1,"name":"In\u00edcio","item":"https:\/\/site.bistec.com.br\/vestuario\/"},{"@type":"ListItem","position":2,"name":"Contato"}]},{"@type":"WebSite","@id":"https:\/\/site.bistec.com.br\/vestuario\/#website","url":"https:\/\/site.bistec.com.br\/vestuario\/","name":"Site modelo Bistec para Vestu\u00e1rio","description":"site modelo de vestu\u00e1rio","publisher":{"@id":"https:\/\/site.bistec.com.br\/vestuario\/#organization"},"alternateName":"Bistec Vestu\u00e1rio","potentialAction":[{"@type":"SearchAction","target":{"@type":"EntryPoint","urlTemplate":"https:\/\/site.bistec.com.br\/vestuario\/?s={search_term_string}"},"query-input":{"@type":"PropertyValueSpecification","valueRequired":true,"valueName":"search_term_string"}}],"inLanguage":"pt-BR"},{"@type":"Organization","@id":"https:\/\/site.bistec.com.br\/vestuario\/#organization","name":"Site modelo Bistec para Vestu\u00e1rio","alternateName":"Bistec Vestu\u00e1rio","url":"https:\/\/site.bistec.com.br\/vestuario\/","logo":{"@type":"ImageObject","inLanguage":"pt-BR","@id":"https:\/\/site.bistec.com.br\/vestuario\/#\/schema\/logo\/image\/","url":"https:\/\/site.bistec.com.br\/vestuario\/wp-content\/uploads\/2024\/03\/e-removebg-preview.png","contentUrl":"https:\/\/site.bistec.com.br\/vestuario\/wp-content\/uploads\/2024\/03\/e-removebg-preview.png","width":500,"height":500,"caption":"Site modelo Bistec para Vestu\u00e1rio"},"image":{"@id":"https:\/\/site.bistec.com.br\/vestuario\/#\/schema\/logo\/image\/"}}]}},"uagb_featured_image_src":{"full":false,"thumbnail":false,"medium":false,"medium_large":false,"large":false,"1536x1536":false,"2048x2048":false,"woocommerce_thumbnail":false,"woocommerce_single":false,"woocommerce_gallery_thumbnail":false},"uagb_author_info":{"display_name":"RODRIGO CABRERA","author_link":"https:\/\/site.bistec.com.br\/vestuario\/author\/vestuario\/"},"uagb_comment_info":0,"uagb_excerpt":"Contate-nos Tem alguma d\u00favida? N\u00f3s estamos aqui para ajudar.\u200b Vendas Se estiver com alguma d\u00favida nos ligue 1800 123 4567 Reclama\u00e7\u00f5es Se tiver alguma reclama\u00e7\u00e3o pode nos falar 1900 223 8899 Devolu\u00e7\u00f5es Em caso de devolu\u00e7\u00e3o entre em contato returns@mail.com Sugest\u00f5es Gostar\u00edamos de receber suas sugest\u00f5es 1700 444 5578 N\u00e3o seja um estranho! Voc\u00ea nos&hellip;","_links":{"self":[{"href":"https:\/\/site.bistec.com.br\/vestuario\/wp-json\/wp\/v2\/pages\/2471","targetHints":{"allow":["GET"]}}],"collection":[{"href":"https:\/\/site.bistec.com.br\/vestuario\/wp-json\/wp\/v2\/pages"}],"about":[{"href":"https:\/\/site.bistec.com.br\/vestuario\/wp-json\/wp\/v2\/types\/page"}],"author":[{"embeddable":true,"href":"https:\/\/site.bistec.com.br\/vestuario\/wp-json\/wp\/v2\/users\/1"}],"replies":[{"embeddable":true,"href":"https:\/\/site.bistec.com.br\/vestuario\/wp-json\/wp\/v2\/comments?post=2471"}],"version-history":[{"count":27,"href":"https:\/\/site.bistec.com.br\/vestuario\/wp-json\/wp\/v2\/pages\/2471\/revisions"}],"predecessor-version":[{"id":2943,"href":"https:\/\/site.bistec.com.br\/vestuario\/wp-json\/wp\/v2\/pages\/2471\/revisions\/2943"}],"wp:attachment":[{"href":"https:\/\/site.bistec.com.br\/vestuario\/wp-json\/wp\/v2\/media?parent=2471"}],"curies":[{"name":"wp","href":"https:\/\/api.w.org\/{rel}","templated":true}]}}