{"id":538,"date":"2025-03-28T12:00:58","date_gmt":"2025-03-28T15:00:58","guid":{"rendered":"https:\/\/site.bistec.com.br\/relojoaria\/?post_type=product&#038;p=538"},"modified":"2025-03-28T12:00:58","modified_gmt":"2025-03-28T15:00:58","slug":"colar-sirena-em-ouro-rose-18k-com-topazios-sky-e-topazios-london-46cm","status":"publish","type":"product","link":"https:\/\/site.bistec.com.br\/relojoaria\/produto\/colar-sirena-em-ouro-rose-18k-com-topazios-sky-e-topazios-london-46cm\/","title":{"rendered":"Colar Sirena em Ouro Ros\u00e9 18k com Top\u00e1zios Sky e Top\u00e1zios London, 46cm"},"content":{"rendered":"<div class=\"detail productDetails-detail-subContainer\"><img decoding=\"async\" class=\"productDetails-detail-image\" src=\"https:\/\/images.vivara.com.br\/Stores\/Vivara\/Pedras\/ouro_rose.png\" alt=\"-img\" \/><\/p>\n<div class=\"productDetails-detail-rightCol\">\n<h3 class=\"detail-title productDetails-detail-title\">Ouro Ros\u00e9<\/h3>\n<p class=\"detail-content\">A Vivara utiliza em suas joias ouro 18k, que \u00e9 o mais indicado para o uso na joalheria em fun\u00e7\u00e3o de sua durabilidade e brilho. Sua composi\u00e7\u00e3o cont\u00e9m 75% de ouro puro mais 25% de ligas especiais.<\/p>\n<\/div>\n<\/div>\n<div class=\"detail productDetails-detail-subContainer\"><img decoding=\"async\" class=\"productDetails-detail-image\" src=\"https:\/\/images.vivara.com.br\/Stores\/Vivara\/Pedras\/Topazio_London.png\" alt=\"-img\" \/><\/p>\n<div class=\"productDetails-detail-rightCol\">\n<h3 class=\"detail-title productDetails-detail-title\">Top\u00e1zio London<\/h3>\n<p class=\"detail-content\">A pedra top\u00e1zio London, ou London Blue, \u00e9 um dos tr\u00eas tipos de top\u00e1zio que possuem cor azulada, sendo que a sua tonalidade \u00e9 a mais intensa e escura. Muitos top\u00e1zios, incluindo o top\u00e1zio London, exibem pleocro\u00edsmo, o que significa que eles podem mostrar cores diferentes quando vistos de \u00e2ngulos diferentes. No caso do top\u00e1zio London, isso pode se traduzir em tons azuis ou cinza-azulados de intensidades vari\u00e1veis, dependendo da orienta\u00e7\u00e3o da gema.<\/p>\n<\/div>\n<\/div>\n<div class=\"detail productDetails-detail-subContainer\"><img decoding=\"async\" class=\"productDetails-detail-image\" src=\"https:\/\/images.vivara.com.br\/Stores\/Vivara\/Pedras\/Topazio_sky.png\" alt=\"-img\" \/><\/p>\n<div class=\"productDetails-detail-rightCol\">\n<h3 class=\"detail-title productDetails-detail-title\">Top\u00e1zio Sky<\/h3>\n<p class=\"detail-content\">O nome Top\u00e1zio deriva da antiga ilha \u201cTopazios\u201d localizada no Mar Vermelho onde acredita-se ter uma fonte de top\u00e1zios, ou ainda, deriva da palavra \u201cTopas\u201d, palavra do s\u00e2nscrito que significa \u201cfogo\u201d.<\/p>\n<\/div>\n<\/div>\n","protected":false},"excerpt":{"rendered":"<p class=\"description-text\"><strong>Colar Sirena em Ouro Ros\u00e9 18k com Top\u00e1zios Sky e Top\u00e1zios London, 46cm<\/strong><\/p>\n<div>\n<ul class=\"description-composition\">\n<li class=\"description-composition__item\">Cole\u00e7\u00e3o\u00a0:\u00a0Sirena<\/li>\n<\/ul>\n<\/div>\n<div>\n<ul class=\"description-composition\">\n<li class=\"description-composition__item\">Comprimento aprox\u00a0:\u00a046 cm<\/li>\n<\/ul>\n<\/div>\n<div>\n<ul class=\"description-composition\">\n<li class=\"description-composition__item\">Material\u00a0:\u00a0Ouro ros\u00e9<\/li>\n<\/ul>\n<\/div>\n<div>\n<ul class=\"description-composition\">\n<li class=\"description-composition__item\">Pedras\u00a0:\u00a0Top\u00e1zio Sky<\/li>\n<\/ul>\n<\/div>\n<div>\n<ul class=\"description-composition\">\n<li class=\"description-composition__item\">Pedras\u00a0:\u00a0Top\u00e1zio London<\/li>\n<\/ul>\n<\/div>\n<div>\n<ul class=\"description-composition\">\n<li class=\"description-composition__item\">Pendente\u00a0:\u00a024&#215;10 mm<\/li>\n<\/ul>\n<\/div>\n<div>\n<ul class=\"description-composition\">\n<li class=\"description-composition__item\">Sugest\u00e3o\u00a0:\u00a0Para ela<\/li>\n<\/ul>\n<\/div>\n<div>\n<ul class=\"description-composition\">\n<li class=\"description-composition__item\">Observa\u00e7\u00e3o\u00a0:\u00a0Em decorr\u00eancia de cada monitor e por se tratar de um produto natural, a cor da pedra pode variar sutilmente da foto do site. Todas as medidas s\u00e3o aproximadas e podem variar de acordo com a produ\u00e7\u00e3o.<\/li>\n<\/ul>\n<\/div>\n","protected":false},"featured_media":541,"comment_status":"open","ping_status":"closed","template":"","meta":[],"product_brand":[],"product_cat":[36,16],"product_tag":[],"class_list":{"0":"post-538","1":"product","2":"type-product","3":"status-publish","4":"has-post-thumbnail","6":"product_cat-colares","7":"product_cat-joias","9":"first","10":"instock","11":"taxable","12":"shipping-taxable","13":"purchasable","14":"product-type-simple"},"yoast_head":"<!-- This site is optimized with the Yoast SEO plugin v26.4 - https:\/\/yoast.com\/wordpress\/plugins\/seo\/ -->\n<title>Colar Sirena em Ouro Ros\u00e9 18k com Top\u00e1zios Sky e Top\u00e1zios London, 46cm - Relojoaria Bistec<\/title>\n<meta name=\"robots\" content=\"index, follow, max-snippet:-1, max-image-preview:large, max-video-preview:-1\" \/>\n<link rel=\"canonical\" href=\"https:\/\/site.bistec.com.br\/relojoaria\/produto\/colar-sirena-em-ouro-rose-18k-com-topazios-sky-e-topazios-london-46cm\/\" \/>\n<meta property=\"og:locale\" content=\"pt_BR\" \/>\n<meta property=\"og:type\" content=\"article\" \/>\n<meta property=\"og:title\" content=\"Colar Sirena em Ouro Ros\u00e9 18k com Top\u00e1zios Sky e Top\u00e1zios London, 46cm - Relojoaria Bistec\" \/>\n<meta property=\"og:description\" content=\"Colar Sirena em Ouro Ros\u00e9 18k com Top\u00e1zios Sky e Top\u00e1zios London, 46cm     Cole\u00e7\u00e3o\u00a0:\u00a0Sirena      Comprimento aprox\u00a0:\u00a046 cm      Material\u00a0:\u00a0Ouro ros\u00e9      Pedras\u00a0:\u00a0Top\u00e1zio Sky      Pedras\u00a0:\u00a0Top\u00e1zio London      Pendente\u00a0:\u00a024x10 mm      Sugest\u00e3o\u00a0:\u00a0Para ela      Observa\u00e7\u00e3o\u00a0:\u00a0Em decorr\u00eancia de cada monitor e por se tratar de um produto natural, a cor da pedra pode variar sutilmente da foto do site. Todas as medidas s\u00e3o aproximadas e podem variar de acordo com a produ\u00e7\u00e3o.\" \/>\n<meta property=\"og:url\" content=\"https:\/\/site.bistec.com.br\/relojoaria\/produto\/colar-sirena-em-ouro-rose-18k-com-topazios-sky-e-topazios-london-46cm\/\" \/>\n<meta property=\"og:site_name\" content=\"Relojoaria Bistec\" \/>\n<meta property=\"og:image\" content=\"https:\/\/site.bistec.com.br\/relojoaria\/wp-content\/uploads\/2025\/03\/Colar-Sirena-em-Ouro-Rose-18k-com-Topazios-Sky-e-Topazios-London-46cm-85651_1_set.webp\" \/>\n\t<meta property=\"og:image:width\" content=\"1600\" \/>\n\t<meta property=\"og:image:height\" content=\"1600\" \/>\n\t<meta property=\"og:image:type\" content=\"image\/webp\" \/>\n<meta name=\"twitter:card\" content=\"summary_large_image\" \/>\n<meta name=\"twitter:label1\" content=\"Est. tempo de leitura\" \/>\n\t<meta name=\"twitter:data1\" content=\"1 minuto\" \/>\n<script type=\"application\/ld+json\" class=\"yoast-schema-graph\">{\"@context\":\"https:\/\/schema.org\",\"@graph\":[{\"@type\":\"WebPage\",\"@id\":\"https:\/\/site.bistec.com.br\/relojoaria\/produto\/colar-sirena-em-ouro-rose-18k-com-topazios-sky-e-topazios-london-46cm\/\",\"url\":\"https:\/\/site.bistec.com.br\/relojoaria\/produto\/colar-sirena-em-ouro-rose-18k-com-topazios-sky-e-topazios-london-46cm\/\",\"name\":\"Colar Sirena em Ouro Ros\u00e9 18k com Top\u00e1zios Sky e Top\u00e1zios London, 46cm - Relojoaria Bistec\",\"isPartOf\":{\"@id\":\"https:\/\/site.bistec.com.br\/relojoaria\/#website\"},\"primaryImageOfPage\":{\"@id\":\"https:\/\/site.bistec.com.br\/relojoaria\/produto\/colar-sirena-em-ouro-rose-18k-com-topazios-sky-e-topazios-london-46cm\/#primaryimage\"},\"image\":{\"@id\":\"https:\/\/site.bistec.com.br\/relojoaria\/produto\/colar-sirena-em-ouro-rose-18k-com-topazios-sky-e-topazios-london-46cm\/#primaryimage\"},\"thumbnailUrl\":\"https:\/\/site.bistec.com.br\/relojoaria\/wp-content\/uploads\/2025\/03\/Colar-Sirena-em-Ouro-Rose-18k-com-Topazios-Sky-e-Topazios-London-46cm-85651_1_set.webp\",\"datePublished\":\"2025-03-28T15:00:58+00:00\",\"breadcrumb\":{\"@id\":\"https:\/\/site.bistec.com.br\/relojoaria\/produto\/colar-sirena-em-ouro-rose-18k-com-topazios-sky-e-topazios-london-46cm\/#breadcrumb\"},\"inLanguage\":\"pt-BR\",\"potentialAction\":[{\"@type\":\"ReadAction\",\"target\":[\"https:\/\/site.bistec.com.br\/relojoaria\/produto\/colar-sirena-em-ouro-rose-18k-com-topazios-sky-e-topazios-london-46cm\/\"]}]},{\"@type\":\"ImageObject\",\"inLanguage\":\"pt-BR\",\"@id\":\"https:\/\/site.bistec.com.br\/relojoaria\/produto\/colar-sirena-em-ouro-rose-18k-com-topazios-sky-e-topazios-london-46cm\/#primaryimage\",\"url\":\"https:\/\/site.bistec.com.br\/relojoaria\/wp-content\/uploads\/2025\/03\/Colar-Sirena-em-Ouro-Rose-18k-com-Topazios-Sky-e-Topazios-London-46cm-85651_1_set.webp\",\"contentUrl\":\"https:\/\/site.bistec.com.br\/relojoaria\/wp-content\/uploads\/2025\/03\/Colar-Sirena-em-Ouro-Rose-18k-com-Topazios-Sky-e-Topazios-London-46cm-85651_1_set.webp\",\"width\":1600,\"height\":1600},{\"@type\":\"BreadcrumbList\",\"@id\":\"https:\/\/site.bistec.com.br\/relojoaria\/produto\/colar-sirena-em-ouro-rose-18k-com-topazios-sky-e-topazios-london-46cm\/#breadcrumb\",\"itemListElement\":[{\"@type\":\"ListItem\",\"position\":1,\"name\":\"In\u00edcio\",\"item\":\"https:\/\/site.bistec.com.br\/relojoaria\/\"},{\"@type\":\"ListItem\",\"position\":2,\"name\":\"Loja\",\"item\":\"https:\/\/site.bistec.com.br\/relojoaria\/loja\/\"},{\"@type\":\"ListItem\",\"position\":3,\"name\":\"Colar Sirena em Ouro Ros\u00e9 18k com Top\u00e1zios Sky e Top\u00e1zios London, 46cm\"}]},{\"@type\":\"WebSite\",\"@id\":\"https:\/\/site.bistec.com.br\/relojoaria\/#website\",\"url\":\"https:\/\/site.bistec.com.br\/relojoaria\/\",\"name\":\"Relojoaria Bistec\",\"description\":\"Relojoaria e Joalheria\",\"publisher\":{\"@id\":\"https:\/\/site.bistec.com.br\/relojoaria\/#organization\"},\"potentialAction\":[{\"@type\":\"SearchAction\",\"target\":{\"@type\":\"EntryPoint\",\"urlTemplate\":\"https:\/\/site.bistec.com.br\/relojoaria\/?s={search_term_string}\"},\"query-input\":{\"@type\":\"PropertyValueSpecification\",\"valueRequired\":true,\"valueName\":\"search_term_string\"}}],\"inLanguage\":\"pt-BR\"},{\"@type\":\"Organization\",\"@id\":\"https:\/\/site.bistec.com.br\/relojoaria\/#organization\",\"name\":\"Bistec Joias e relojoaria\",\"url\":\"https:\/\/site.bistec.com.br\/relojoaria\/\",\"logo\":{\"@type\":\"ImageObject\",\"inLanguage\":\"pt-BR\",\"@id\":\"https:\/\/site.bistec.com.br\/relojoaria\/#\/schema\/logo\/image\/\",\"url\":\"https:\/\/site.bistec.com.br\/relojoaria\/wp-content\/uploads\/2025\/01\/logo-bistec-joias-preto-sem-fundo.png\",\"contentUrl\":\"https:\/\/site.bistec.com.br\/relojoaria\/wp-content\/uploads\/2025\/01\/logo-bistec-joias-preto-sem-fundo.png\",\"width\":1048,\"height\":418,\"caption\":\"Bistec Joias e relojoaria\"},\"image\":{\"@id\":\"https:\/\/site.bistec.com.br\/relojoaria\/#\/schema\/logo\/image\/\"}}]}<\/script>\n<!-- \/ Yoast SEO plugin. -->","yoast_head_json":{"title":"Colar Sirena em Ouro Ros\u00e9 18k com Top\u00e1zios Sky e Top\u00e1zios London, 46cm - Relojoaria Bistec","robots":{"index":"index","follow":"follow","max-snippet":"max-snippet:-1","max-image-preview":"max-image-preview:large","max-video-preview":"max-video-preview:-1"},"canonical":"https:\/\/site.bistec.com.br\/relojoaria\/produto\/colar-sirena-em-ouro-rose-18k-com-topazios-sky-e-topazios-london-46cm\/","og_locale":"pt_BR","og_type":"article","og_title":"Colar Sirena em Ouro Ros\u00e9 18k com Top\u00e1zios Sky e Top\u00e1zios London, 46cm - Relojoaria Bistec","og_description":"Colar Sirena em Ouro Ros\u00e9 18k com Top\u00e1zios Sky e Top\u00e1zios London, 46cm     Cole\u00e7\u00e3o\u00a0:\u00a0Sirena      Comprimento aprox\u00a0:\u00a046 cm      Material\u00a0:\u00a0Ouro ros\u00e9      Pedras\u00a0:\u00a0Top\u00e1zio Sky      Pedras\u00a0:\u00a0Top\u00e1zio London      Pendente\u00a0:\u00a024x10 mm      Sugest\u00e3o\u00a0:\u00a0Para ela      Observa\u00e7\u00e3o\u00a0:\u00a0Em decorr\u00eancia de cada monitor e por se tratar de um produto natural, a cor da pedra pode variar sutilmente da foto do site. Todas as medidas s\u00e3o aproximadas e podem variar de acordo com a produ\u00e7\u00e3o.","og_url":"https:\/\/site.bistec.com.br\/relojoaria\/produto\/colar-sirena-em-ouro-rose-18k-com-topazios-sky-e-topazios-london-46cm\/","og_site_name":"Relojoaria Bistec","og_image":[{"width":1600,"height":1600,"url":"https:\/\/site.bistec.com.br\/relojoaria\/wp-content\/uploads\/2025\/03\/Colar-Sirena-em-Ouro-Rose-18k-com-Topazios-Sky-e-Topazios-London-46cm-85651_1_set.webp","type":"image\/webp"}],"twitter_card":"summary_large_image","twitter_misc":{"Est. tempo de leitura":"1 minuto"},"schema":{"@context":"https:\/\/schema.org","@graph":[{"@type":"WebPage","@id":"https:\/\/site.bistec.com.br\/relojoaria\/produto\/colar-sirena-em-ouro-rose-18k-com-topazios-sky-e-topazios-london-46cm\/","url":"https:\/\/site.bistec.com.br\/relojoaria\/produto\/colar-sirena-em-ouro-rose-18k-com-topazios-sky-e-topazios-london-46cm\/","name":"Colar Sirena em Ouro Ros\u00e9 18k com Top\u00e1zios Sky e Top\u00e1zios London, 46cm - Relojoaria Bistec","isPartOf":{"@id":"https:\/\/site.bistec.com.br\/relojoaria\/#website"},"primaryImageOfPage":{"@id":"https:\/\/site.bistec.com.br\/relojoaria\/produto\/colar-sirena-em-ouro-rose-18k-com-topazios-sky-e-topazios-london-46cm\/#primaryimage"},"image":{"@id":"https:\/\/site.bistec.com.br\/relojoaria\/produto\/colar-sirena-em-ouro-rose-18k-com-topazios-sky-e-topazios-london-46cm\/#primaryimage"},"thumbnailUrl":"https:\/\/site.bistec.com.br\/relojoaria\/wp-content\/uploads\/2025\/03\/Colar-Sirena-em-Ouro-Rose-18k-com-Topazios-Sky-e-Topazios-London-46cm-85651_1_set.webp","datePublished":"2025-03-28T15:00:58+00:00","breadcrumb":{"@id":"https:\/\/site.bistec.com.br\/relojoaria\/produto\/colar-sirena-em-ouro-rose-18k-com-topazios-sky-e-topazios-london-46cm\/#breadcrumb"},"inLanguage":"pt-BR","potentialAction":[{"@type":"ReadAction","target":["https:\/\/site.bistec.com.br\/relojoaria\/produto\/colar-sirena-em-ouro-rose-18k-com-topazios-sky-e-topazios-london-46cm\/"]}]},{"@type":"ImageObject","inLanguage":"pt-BR","@id":"https:\/\/site.bistec.com.br\/relojoaria\/produto\/colar-sirena-em-ouro-rose-18k-com-topazios-sky-e-topazios-london-46cm\/#primaryimage","url":"https:\/\/site.bistec.com.br\/relojoaria\/wp-content\/uploads\/2025\/03\/Colar-Sirena-em-Ouro-Rose-18k-com-Topazios-Sky-e-Topazios-London-46cm-85651_1_set.webp","contentUrl":"https:\/\/site.bistec.com.br\/relojoaria\/wp-content\/uploads\/2025\/03\/Colar-Sirena-em-Ouro-Rose-18k-com-Topazios-Sky-e-Topazios-London-46cm-85651_1_set.webp","width":1600,"height":1600},{"@type":"BreadcrumbList","@id":"https:\/\/site.bistec.com.br\/relojoaria\/produto\/colar-sirena-em-ouro-rose-18k-com-topazios-sky-e-topazios-london-46cm\/#breadcrumb","itemListElement":[{"@type":"ListItem","position":1,"name":"In\u00edcio","item":"https:\/\/site.bistec.com.br\/relojoaria\/"},{"@type":"ListItem","position":2,"name":"Loja","item":"https:\/\/site.bistec.com.br\/relojoaria\/loja\/"},{"@type":"ListItem","position":3,"name":"Colar Sirena em Ouro Ros\u00e9 18k com Top\u00e1zios Sky e Top\u00e1zios London, 46cm"}]},{"@type":"WebSite","@id":"https:\/\/site.bistec.com.br\/relojoaria\/#website","url":"https:\/\/site.bistec.com.br\/relojoaria\/","name":"Relojoaria Bistec","description":"Relojoaria e Joalheria","publisher":{"@id":"https:\/\/site.bistec.com.br\/relojoaria\/#organization"},"potentialAction":[{"@type":"SearchAction","target":{"@type":"EntryPoint","urlTemplate":"https:\/\/site.bistec.com.br\/relojoaria\/?s={search_term_string}"},"query-input":{"@type":"PropertyValueSpecification","valueRequired":true,"valueName":"search_term_string"}}],"inLanguage":"pt-BR"},{"@type":"Organization","@id":"https:\/\/site.bistec.com.br\/relojoaria\/#organization","name":"Bistec Joias e relojoaria","url":"https:\/\/site.bistec.com.br\/relojoaria\/","logo":{"@type":"ImageObject","inLanguage":"pt-BR","@id":"https:\/\/site.bistec.com.br\/relojoaria\/#\/schema\/logo\/image\/","url":"https:\/\/site.bistec.com.br\/relojoaria\/wp-content\/uploads\/2025\/01\/logo-bistec-joias-preto-sem-fundo.png","contentUrl":"https:\/\/site.bistec.com.br\/relojoaria\/wp-content\/uploads\/2025\/01\/logo-bistec-joias-preto-sem-fundo.png","width":1048,"height":418,"caption":"Bistec Joias e relojoaria"},"image":{"@id":"https:\/\/site.bistec.com.br\/relojoaria\/#\/schema\/logo\/image\/"}}]}},"_links":{"self":[{"href":"https:\/\/site.bistec.com.br\/relojoaria\/wp-json\/wp\/v2\/product\/538","targetHints":{"allow":["GET"]}}],"collection":[{"href":"https:\/\/site.bistec.com.br\/relojoaria\/wp-json\/wp\/v2\/product"}],"about":[{"href":"https:\/\/site.bistec.com.br\/relojoaria\/wp-json\/wp\/v2\/types\/product"}],"replies":[{"embeddable":true,"href":"https:\/\/site.bistec.com.br\/relojoaria\/wp-json\/wp\/v2\/comments?post=538"}],"wp:featuredmedia":[{"embeddable":true,"href":"https:\/\/site.bistec.com.br\/relojoaria\/wp-json\/wp\/v2\/media\/541"}],"wp:attachment":[{"href":"https:\/\/site.bistec.com.br\/relojoaria\/wp-json\/wp\/v2\/media?parent=538"}],"wp:term":[{"taxonomy":"product_brand","embeddable":true,"href":"https:\/\/site.bistec.com.br\/relojoaria\/wp-json\/wp\/v2\/product_brand?post=538"},{"taxonomy":"product_cat","embeddable":true,"href":"https:\/\/site.bistec.com.br\/relojoaria\/wp-json\/wp\/v2\/product_cat?post=538"},{"taxonomy":"product_tag","embeddable":true,"href":"https:\/\/site.bistec.com.br\/relojoaria\/wp-json\/wp\/v2\/product_tag?post=538"}],"curies":[{"name":"wp","href":"https:\/\/api.w.org\/{rel}","templated":true}]}}