{"id":534,"date":"2025-03-28T11:34:33","date_gmt":"2025-03-28T14:34:33","guid":{"rendered":"https:\/\/site.bistec.com.br\/relojoaria\/?post_type=product&#038;p=534"},"modified":"2025-03-28T11:34:33","modified_gmt":"2025-03-28T14:34:33","slug":"colar-chains-color-em-prata-925-com-topazios-london-e-safiras-incolores-38cm","status":"publish","type":"product","link":"https:\/\/site.bistec.com.br\/relojoaria\/produto\/colar-chains-color-em-prata-925-com-topazios-london-e-safiras-incolores-38cm\/","title":{"rendered":"Colar Chains Color em Prata 925 com Top\u00e1zios London e Safiras Incolores, 38cm"},"content":{"rendered":"<div class=\"detail productDetails-detail-subContainer\"><img decoding=\"async\" class=\"productDetails-detail-image\" src=\"https:\/\/images.vivara.com.br\/Stores\/Vivara\/Pedras\/Safira_incolor.png\" alt=\"-img\" \/><\/p>\n<div class=\"productDetails-detail-rightCol\">\n<h3 class=\"detail-title productDetails-detail-title\">Safira Incolor<\/h3>\n<p class=\"detail-content\">Tamb\u00e9m conhecidas como safiras brancas, s\u00e3o uma variedade de corundum, o mesmo mineral que a safira colorida e o rubi. Caracterizada pela aus\u00eancia de cor vis\u00edvel, sua apar\u00eancia \u00e9 de um gema transparente e com brilho v\u00edtreo, elegante e atraente. Seu significado \u00e9 frequentemente associado \u00e0 pureza, sincedidade e fidelidade.<\/p>\n<\/div>\n<\/div>\n<div class=\"detail productDetails-detail-subContainer\"><img decoding=\"async\" class=\"productDetails-detail-image\" src=\"https:\/\/images.vivara.com.br\/Stores\/Vivara\/Pedras\/Topazio_London.png\" alt=\"-img\" \/><\/p>\n<div class=\"productDetails-detail-rightCol\">\n<h3 class=\"detail-title productDetails-detail-title\">Top\u00e1zio London<\/h3>\n<p class=\"detail-content\">A pedra top\u00e1zio London, ou London Blue, \u00e9 um dos tr\u00eas tipos de top\u00e1zio que possuem cor azulada, sendo que a sua tonalidade \u00e9 a mais intensa e escura. Muitos top\u00e1zios, incluindo o top\u00e1zio London, exibem pleocro\u00edsmo, o que significa que eles podem mostrar cores diferentes quando vistos de \u00e2ngulos diferentes. No caso do top\u00e1zio London, isso pode se traduzir em tons azuis ou cinza-azulados de intensidades vari\u00e1veis, dependendo da orienta\u00e7\u00e3o da gema.<\/p>\n<\/div>\n<\/div>\n<div class=\"detail productDetails-detail-subContainer\"><img decoding=\"async\" class=\"productDetails-detail-image\" src=\"https:\/\/images.vivara.com.br\/Stores\/Vivara\/Pedras\/prata.png\" alt=\"-img\" \/><\/p>\n<div class=\"productDetails-detail-rightCol\">\n<h3 class=\"detail-title productDetails-detail-title\">Prata<\/h3>\n<p class=\"detail-content\">A Vivara utiliza em suas joias prata 925, considerada ideal para utiliza\u00e7\u00e3o na joalheria proporcionando um acabamento de brilho intenso e maior durabilidade. Nessa composi\u00e7\u00e3o s\u00e3o utilizados 92,5% de prata pura e 7,5% de ligas especiais.<\/p>\n<\/div>\n<\/div>\n","protected":false},"excerpt":{"rendered":"<p class=\"description-text\"><strong>Colar Chains Color em Prata 925 com Top\u00e1zios London e Safiras Incolores, 38cm<\/strong><\/p>\n<div>\n<ul class=\"description-composition\">\n<li class=\"description-composition__item\">Cole\u00e7\u00e3o\u00a0:\u00a0Chains Color<\/li>\n<\/ul>\n<\/div>\n<div>\n<ul class=\"description-composition\">\n<li class=\"description-composition__item\">Comprimento aprox\u00a0:\u00a038 cm<\/li>\n<\/ul>\n<\/div>\n<div>\n<ul class=\"description-composition\">\n<li class=\"description-composition__item\">Material\u00a0:\u00a0Prata<\/li>\n<\/ul>\n<\/div>\n<div>\n<ul class=\"description-composition\">\n<li class=\"description-composition__item\">Pedras\u00a0:\u00a0Top\u00e1zio London<\/li>\n<\/ul>\n<\/div>\n<div>\n<ul class=\"description-composition\">\n<li class=\"description-composition__item\">Pedras\u00a0:\u00a0Safira Incolor<\/li>\n<\/ul>\n<\/div>\n<div>\n<ul class=\"description-composition\">\n<li class=\"description-composition__item\">Pendente\u00a0:\u00a09,5&#215;11,5 mm<\/li>\n<\/ul>\n<\/div>\n<div>\n<ul class=\"description-composition\">\n<li class=\"description-composition__item\">Sugest\u00e3o\u00a0:\u00a0Para ela<\/li>\n<\/ul>\n<\/div>\n<div>\n<ul class=\"description-composition\">\n<li class=\"description-composition__item\">Observa\u00e7\u00e3o\u00a0:\u00a0Em decorr\u00eancia de cada monitor e por se tratar de um produto natural, a cor da pedra pode variar sutilmente da foto do site. Todas as medidas s\u00e3o aproximadas e podem variar de acordo com a produ\u00e7\u00e3o.<\/li>\n<\/ul>\n<\/div>\n","protected":false},"featured_media":537,"comment_status":"open","ping_status":"closed","template":"","meta":[],"product_brand":[],"product_cat":[36,16],"product_tag":[],"class_list":{"0":"post-534","1":"product","2":"type-product","3":"status-publish","4":"has-post-thumbnail","6":"product_cat-colares","7":"product_cat-joias","9":"first","10":"instock","11":"taxable","12":"shipping-taxable","13":"purchasable","14":"product-type-simple"},"yoast_head":"<!-- This site is optimized with the Yoast SEO plugin v26.4 - https:\/\/yoast.com\/wordpress\/plugins\/seo\/ -->\n<title>Colar Chains Color em Prata 925 com Top\u00e1zios London e Safiras Incolores, 38cm - Relojoaria Bistec<\/title>\n<meta name=\"robots\" content=\"index, follow, max-snippet:-1, max-image-preview:large, max-video-preview:-1\" \/>\n<link rel=\"canonical\" href=\"https:\/\/site.bistec.com.br\/relojoaria\/produto\/colar-chains-color-em-prata-925-com-topazios-london-e-safiras-incolores-38cm\/\" \/>\n<meta property=\"og:locale\" content=\"pt_BR\" \/>\n<meta property=\"og:type\" content=\"article\" \/>\n<meta property=\"og:title\" content=\"Colar Chains Color em Prata 925 com Top\u00e1zios London e Safiras Incolores, 38cm - Relojoaria Bistec\" \/>\n<meta property=\"og:description\" content=\"Colar Chains Color em Prata 925 com Top\u00e1zios London e Safiras Incolores, 38cm     Cole\u00e7\u00e3o\u00a0:\u00a0Chains Color      Comprimento aprox\u00a0:\u00a038 cm      Material\u00a0:\u00a0Prata      Pedras\u00a0:\u00a0Top\u00e1zio London      Pedras\u00a0:\u00a0Safira Incolor      Pendente\u00a0:\u00a09,5x11,5 mm      Sugest\u00e3o\u00a0:\u00a0Para ela      Observa\u00e7\u00e3o\u00a0:\u00a0Em decorr\u00eancia de cada monitor e por se tratar de um produto natural, a cor da pedra pode variar sutilmente da foto do site. Todas as medidas s\u00e3o aproximadas e podem variar de acordo com a produ\u00e7\u00e3o.\" \/>\n<meta property=\"og:url\" content=\"https:\/\/site.bistec.com.br\/relojoaria\/produto\/colar-chains-color-em-prata-925-com-topazios-london-e-safiras-incolores-38cm\/\" \/>\n<meta property=\"og:site_name\" content=\"Relojoaria Bistec\" \/>\n<meta property=\"og:image\" content=\"https:\/\/site.bistec.com.br\/relojoaria\/wp-content\/uploads\/2025\/03\/Colar-Chains-Color-em-Prata-925-com-Topazios-London-e-Safiras-Incolores-38cm-85641_1_set.webp\" \/>\n\t<meta property=\"og:image:width\" content=\"1600\" \/>\n\t<meta property=\"og:image:height\" content=\"1600\" \/>\n\t<meta property=\"og:image:type\" content=\"image\/webp\" \/>\n<meta name=\"twitter:card\" content=\"summary_large_image\" \/>\n<meta name=\"twitter:label1\" content=\"Est. tempo de leitura\" \/>\n\t<meta name=\"twitter:data1\" content=\"1 minuto\" \/>\n<script type=\"application\/ld+json\" class=\"yoast-schema-graph\">{\"@context\":\"https:\/\/schema.org\",\"@graph\":[{\"@type\":\"WebPage\",\"@id\":\"https:\/\/site.bistec.com.br\/relojoaria\/produto\/colar-chains-color-em-prata-925-com-topazios-london-e-safiras-incolores-38cm\/\",\"url\":\"https:\/\/site.bistec.com.br\/relojoaria\/produto\/colar-chains-color-em-prata-925-com-topazios-london-e-safiras-incolores-38cm\/\",\"name\":\"Colar Chains Color em Prata 925 com Top\u00e1zios London e Safiras Incolores, 38cm - Relojoaria Bistec\",\"isPartOf\":{\"@id\":\"https:\/\/site.bistec.com.br\/relojoaria\/#website\"},\"primaryImageOfPage\":{\"@id\":\"https:\/\/site.bistec.com.br\/relojoaria\/produto\/colar-chains-color-em-prata-925-com-topazios-london-e-safiras-incolores-38cm\/#primaryimage\"},\"image\":{\"@id\":\"https:\/\/site.bistec.com.br\/relojoaria\/produto\/colar-chains-color-em-prata-925-com-topazios-london-e-safiras-incolores-38cm\/#primaryimage\"},\"thumbnailUrl\":\"https:\/\/site.bistec.com.br\/relojoaria\/wp-content\/uploads\/2025\/03\/Colar-Chains-Color-em-Prata-925-com-Topazios-London-e-Safiras-Incolores-38cm-85641_1_set.webp\",\"datePublished\":\"2025-03-28T14:34:33+00:00\",\"breadcrumb\":{\"@id\":\"https:\/\/site.bistec.com.br\/relojoaria\/produto\/colar-chains-color-em-prata-925-com-topazios-london-e-safiras-incolores-38cm\/#breadcrumb\"},\"inLanguage\":\"pt-BR\",\"potentialAction\":[{\"@type\":\"ReadAction\",\"target\":[\"https:\/\/site.bistec.com.br\/relojoaria\/produto\/colar-chains-color-em-prata-925-com-topazios-london-e-safiras-incolores-38cm\/\"]}]},{\"@type\":\"ImageObject\",\"inLanguage\":\"pt-BR\",\"@id\":\"https:\/\/site.bistec.com.br\/relojoaria\/produto\/colar-chains-color-em-prata-925-com-topazios-london-e-safiras-incolores-38cm\/#primaryimage\",\"url\":\"https:\/\/site.bistec.com.br\/relojoaria\/wp-content\/uploads\/2025\/03\/Colar-Chains-Color-em-Prata-925-com-Topazios-London-e-Safiras-Incolores-38cm-85641_1_set.webp\",\"contentUrl\":\"https:\/\/site.bistec.com.br\/relojoaria\/wp-content\/uploads\/2025\/03\/Colar-Chains-Color-em-Prata-925-com-Topazios-London-e-Safiras-Incolores-38cm-85641_1_set.webp\",\"width\":1600,\"height\":1600},{\"@type\":\"BreadcrumbList\",\"@id\":\"https:\/\/site.bistec.com.br\/relojoaria\/produto\/colar-chains-color-em-prata-925-com-topazios-london-e-safiras-incolores-38cm\/#breadcrumb\",\"itemListElement\":[{\"@type\":\"ListItem\",\"position\":1,\"name\":\"In\u00edcio\",\"item\":\"https:\/\/site.bistec.com.br\/relojoaria\/\"},{\"@type\":\"ListItem\",\"position\":2,\"name\":\"Loja\",\"item\":\"https:\/\/site.bistec.com.br\/relojoaria\/loja\/\"},{\"@type\":\"ListItem\",\"position\":3,\"name\":\"Colar Chains Color em Prata 925 com Top\u00e1zios London e Safiras Incolores, 38cm\"}]},{\"@type\":\"WebSite\",\"@id\":\"https:\/\/site.bistec.com.br\/relojoaria\/#website\",\"url\":\"https:\/\/site.bistec.com.br\/relojoaria\/\",\"name\":\"Relojoaria Bistec\",\"description\":\"Relojoaria e Joalheria\",\"publisher\":{\"@id\":\"https:\/\/site.bistec.com.br\/relojoaria\/#organization\"},\"potentialAction\":[{\"@type\":\"SearchAction\",\"target\":{\"@type\":\"EntryPoint\",\"urlTemplate\":\"https:\/\/site.bistec.com.br\/relojoaria\/?s={search_term_string}\"},\"query-input\":{\"@type\":\"PropertyValueSpecification\",\"valueRequired\":true,\"valueName\":\"search_term_string\"}}],\"inLanguage\":\"pt-BR\"},{\"@type\":\"Organization\",\"@id\":\"https:\/\/site.bistec.com.br\/relojoaria\/#organization\",\"name\":\"Bistec Joias e relojoaria\",\"url\":\"https:\/\/site.bistec.com.br\/relojoaria\/\",\"logo\":{\"@type\":\"ImageObject\",\"inLanguage\":\"pt-BR\",\"@id\":\"https:\/\/site.bistec.com.br\/relojoaria\/#\/schema\/logo\/image\/\",\"url\":\"https:\/\/site.bistec.com.br\/relojoaria\/wp-content\/uploads\/2025\/01\/logo-bistec-joias-preto-sem-fundo.png\",\"contentUrl\":\"https:\/\/site.bistec.com.br\/relojoaria\/wp-content\/uploads\/2025\/01\/logo-bistec-joias-preto-sem-fundo.png\",\"width\":1048,\"height\":418,\"caption\":\"Bistec Joias e relojoaria\"},\"image\":{\"@id\":\"https:\/\/site.bistec.com.br\/relojoaria\/#\/schema\/logo\/image\/\"}}]}<\/script>\n<!-- \/ Yoast SEO plugin. -->","yoast_head_json":{"title":"Colar Chains Color em Prata 925 com Top\u00e1zios London e Safiras Incolores, 38cm - Relojoaria Bistec","robots":{"index":"index","follow":"follow","max-snippet":"max-snippet:-1","max-image-preview":"max-image-preview:large","max-video-preview":"max-video-preview:-1"},"canonical":"https:\/\/site.bistec.com.br\/relojoaria\/produto\/colar-chains-color-em-prata-925-com-topazios-london-e-safiras-incolores-38cm\/","og_locale":"pt_BR","og_type":"article","og_title":"Colar Chains Color em Prata 925 com Top\u00e1zios London e Safiras Incolores, 38cm - Relojoaria Bistec","og_description":"Colar Chains Color em Prata 925 com Top\u00e1zios London e Safiras Incolores, 38cm     Cole\u00e7\u00e3o\u00a0:\u00a0Chains Color      Comprimento aprox\u00a0:\u00a038 cm      Material\u00a0:\u00a0Prata      Pedras\u00a0:\u00a0Top\u00e1zio London      Pedras\u00a0:\u00a0Safira Incolor      Pendente\u00a0:\u00a09,5x11,5 mm      Sugest\u00e3o\u00a0:\u00a0Para ela      Observa\u00e7\u00e3o\u00a0:\u00a0Em decorr\u00eancia de cada monitor e por se tratar de um produto natural, a cor da pedra pode variar sutilmente da foto do site. Todas as medidas s\u00e3o aproximadas e podem variar de acordo com a produ\u00e7\u00e3o.","og_url":"https:\/\/site.bistec.com.br\/relojoaria\/produto\/colar-chains-color-em-prata-925-com-topazios-london-e-safiras-incolores-38cm\/","og_site_name":"Relojoaria Bistec","og_image":[{"width":1600,"height":1600,"url":"https:\/\/site.bistec.com.br\/relojoaria\/wp-content\/uploads\/2025\/03\/Colar-Chains-Color-em-Prata-925-com-Topazios-London-e-Safiras-Incolores-38cm-85641_1_set.webp","type":"image\/webp"}],"twitter_card":"summary_large_image","twitter_misc":{"Est. tempo de leitura":"1 minuto"},"schema":{"@context":"https:\/\/schema.org","@graph":[{"@type":"WebPage","@id":"https:\/\/site.bistec.com.br\/relojoaria\/produto\/colar-chains-color-em-prata-925-com-topazios-london-e-safiras-incolores-38cm\/","url":"https:\/\/site.bistec.com.br\/relojoaria\/produto\/colar-chains-color-em-prata-925-com-topazios-london-e-safiras-incolores-38cm\/","name":"Colar Chains Color em Prata 925 com Top\u00e1zios London e Safiras Incolores, 38cm - Relojoaria Bistec","isPartOf":{"@id":"https:\/\/site.bistec.com.br\/relojoaria\/#website"},"primaryImageOfPage":{"@id":"https:\/\/site.bistec.com.br\/relojoaria\/produto\/colar-chains-color-em-prata-925-com-topazios-london-e-safiras-incolores-38cm\/#primaryimage"},"image":{"@id":"https:\/\/site.bistec.com.br\/relojoaria\/produto\/colar-chains-color-em-prata-925-com-topazios-london-e-safiras-incolores-38cm\/#primaryimage"},"thumbnailUrl":"https:\/\/site.bistec.com.br\/relojoaria\/wp-content\/uploads\/2025\/03\/Colar-Chains-Color-em-Prata-925-com-Topazios-London-e-Safiras-Incolores-38cm-85641_1_set.webp","datePublished":"2025-03-28T14:34:33+00:00","breadcrumb":{"@id":"https:\/\/site.bistec.com.br\/relojoaria\/produto\/colar-chains-color-em-prata-925-com-topazios-london-e-safiras-incolores-38cm\/#breadcrumb"},"inLanguage":"pt-BR","potentialAction":[{"@type":"ReadAction","target":["https:\/\/site.bistec.com.br\/relojoaria\/produto\/colar-chains-color-em-prata-925-com-topazios-london-e-safiras-incolores-38cm\/"]}]},{"@type":"ImageObject","inLanguage":"pt-BR","@id":"https:\/\/site.bistec.com.br\/relojoaria\/produto\/colar-chains-color-em-prata-925-com-topazios-london-e-safiras-incolores-38cm\/#primaryimage","url":"https:\/\/site.bistec.com.br\/relojoaria\/wp-content\/uploads\/2025\/03\/Colar-Chains-Color-em-Prata-925-com-Topazios-London-e-Safiras-Incolores-38cm-85641_1_set.webp","contentUrl":"https:\/\/site.bistec.com.br\/relojoaria\/wp-content\/uploads\/2025\/03\/Colar-Chains-Color-em-Prata-925-com-Topazios-London-e-Safiras-Incolores-38cm-85641_1_set.webp","width":1600,"height":1600},{"@type":"BreadcrumbList","@id":"https:\/\/site.bistec.com.br\/relojoaria\/produto\/colar-chains-color-em-prata-925-com-topazios-london-e-safiras-incolores-38cm\/#breadcrumb","itemListElement":[{"@type":"ListItem","position":1,"name":"In\u00edcio","item":"https:\/\/site.bistec.com.br\/relojoaria\/"},{"@type":"ListItem","position":2,"name":"Loja","item":"https:\/\/site.bistec.com.br\/relojoaria\/loja\/"},{"@type":"ListItem","position":3,"name":"Colar Chains Color em Prata 925 com Top\u00e1zios London e Safiras Incolores, 38cm"}]},{"@type":"WebSite","@id":"https:\/\/site.bistec.com.br\/relojoaria\/#website","url":"https:\/\/site.bistec.com.br\/relojoaria\/","name":"Relojoaria Bistec","description":"Relojoaria e Joalheria","publisher":{"@id":"https:\/\/site.bistec.com.br\/relojoaria\/#organization"},"potentialAction":[{"@type":"SearchAction","target":{"@type":"EntryPoint","urlTemplate":"https:\/\/site.bistec.com.br\/relojoaria\/?s={search_term_string}"},"query-input":{"@type":"PropertyValueSpecification","valueRequired":true,"valueName":"search_term_string"}}],"inLanguage":"pt-BR"},{"@type":"Organization","@id":"https:\/\/site.bistec.com.br\/relojoaria\/#organization","name":"Bistec Joias e relojoaria","url":"https:\/\/site.bistec.com.br\/relojoaria\/","logo":{"@type":"ImageObject","inLanguage":"pt-BR","@id":"https:\/\/site.bistec.com.br\/relojoaria\/#\/schema\/logo\/image\/","url":"https:\/\/site.bistec.com.br\/relojoaria\/wp-content\/uploads\/2025\/01\/logo-bistec-joias-preto-sem-fundo.png","contentUrl":"https:\/\/site.bistec.com.br\/relojoaria\/wp-content\/uploads\/2025\/01\/logo-bistec-joias-preto-sem-fundo.png","width":1048,"height":418,"caption":"Bistec Joias e relojoaria"},"image":{"@id":"https:\/\/site.bistec.com.br\/relojoaria\/#\/schema\/logo\/image\/"}}]}},"_links":{"self":[{"href":"https:\/\/site.bistec.com.br\/relojoaria\/wp-json\/wp\/v2\/product\/534","targetHints":{"allow":["GET"]}}],"collection":[{"href":"https:\/\/site.bistec.com.br\/relojoaria\/wp-json\/wp\/v2\/product"}],"about":[{"href":"https:\/\/site.bistec.com.br\/relojoaria\/wp-json\/wp\/v2\/types\/product"}],"replies":[{"embeddable":true,"href":"https:\/\/site.bistec.com.br\/relojoaria\/wp-json\/wp\/v2\/comments?post=534"}],"wp:featuredmedia":[{"embeddable":true,"href":"https:\/\/site.bistec.com.br\/relojoaria\/wp-json\/wp\/v2\/media\/537"}],"wp:attachment":[{"href":"https:\/\/site.bistec.com.br\/relojoaria\/wp-json\/wp\/v2\/media?parent=534"}],"wp:term":[{"taxonomy":"product_brand","embeddable":true,"href":"https:\/\/site.bistec.com.br\/relojoaria\/wp-json\/wp\/v2\/product_brand?post=534"},{"taxonomy":"product_cat","embeddable":true,"href":"https:\/\/site.bistec.com.br\/relojoaria\/wp-json\/wp\/v2\/product_cat?post=534"},{"taxonomy":"product_tag","embeddable":true,"href":"https:\/\/site.bistec.com.br\/relojoaria\/wp-json\/wp\/v2\/product_tag?post=534"}],"curies":[{"name":"wp","href":"https:\/\/api.w.org\/{rel}","templated":true}]}}