{"id":479,"date":"2025-02-07T13:32:06","date_gmt":"2025-02-07T16:32:06","guid":{"rendered":"https:\/\/bistec.com.br\/relojoaria\/?post_type=product&#038;p=479"},"modified":"2025-02-07T13:32:06","modified_gmt":"2025-02-07T16:32:06","slug":"brinco-santorini-em-prata-925-e-ouro-amarelo-18k-com-diamantes-061-ct","status":"publish","type":"product","link":"https:\/\/site.bistec.com.br\/relojoaria\/produto\/brinco-santorini-em-prata-925-e-ouro-amarelo-18k-com-diamantes-061-ct\/","title":{"rendered":"Brinco Santorini em Prata 925 e Ouro Amarelo 18k com Diamantes 0,61 ct"},"content":{"rendered":"","protected":false},"excerpt":{"rendered":"<p class=\"description-text\"><strong>Brinco Santorini em Prata 925 e Ouro Amarelo 18k com Diamantes 0,61 ct<\/strong><\/p>\n<div>\n<ul class=\"description-composition\">\n<li class=\"description-composition__item\">Altura aprox\u00a0:\u00a021,9 mm<\/li>\n<\/ul>\n<\/div>\n<div>\n<ul class=\"description-composition\">\n<li class=\"description-composition__item\">Cole\u00e7\u00e3o\u00a0:\u00a0Santorini<\/li>\n<\/ul>\n<\/div>\n<div>\n<ul class=\"description-composition\">\n<li class=\"description-composition__item\">Material\u00a0:\u00a0Prata e Ouro<\/li>\n<\/ul>\n<\/div>\n<div>\n<ul class=\"description-composition\">\n<li class=\"description-composition__item\">Pedras\u00a0:\u00a0diamante<\/li>\n<\/ul>\n<\/div>\n<div>\n<ul class=\"description-composition\">\n<li class=\"description-composition__item\">Peso total em quilates\u00a0:\u00a00,61 Ct<\/li>\n<\/ul>\n<\/div>\n<div>\n<ul class=\"description-composition\">\n<li class=\"description-composition__item\">Sugest\u00e3o\u00a0:\u00a0Para ela<\/li>\n<\/ul>\n<\/div>\n<div>\n<ul class=\"description-composition\">\n<li class=\"description-composition__item\">Observa\u00e7\u00e3o\u00a0:\u00a0Todas as medidas s\u00e3o aproximadas e podem variar de acordo com a produ\u00e7\u00e3o.<\/li>\n<\/ul>\n<\/div>\n","protected":false},"featured_media":482,"comment_status":"open","ping_status":"closed","template":"","meta":[],"product_brand":[],"product_cat":[35,16,62,19],"product_tag":[],"class_list":{"0":"post-479","1":"product","2":"type-product","3":"status-publish","4":"has-post-thumbnail","6":"product_cat-brincos","7":"product_cat-joias","8":"product_cat-longos-e-pendentes","9":"product_cat-mais-vendidos","11":"first","12":"instock","13":"taxable","14":"shipping-taxable","15":"purchasable","16":"product-type-simple"},"yoast_head":"<!-- This site is optimized with the Yoast SEO plugin v26.4 - https:\/\/yoast.com\/wordpress\/plugins\/seo\/ -->\n<title>Brinco Santorini em Prata 925 e Ouro Amarelo 18k com Diamantes 0,61 ct - Relojoaria Bistec<\/title>\n<meta name=\"robots\" content=\"index, follow, max-snippet:-1, max-image-preview:large, max-video-preview:-1\" \/>\n<link rel=\"canonical\" href=\"https:\/\/site.bistec.com.br\/relojoaria\/produto\/brinco-santorini-em-prata-925-e-ouro-amarelo-18k-com-diamantes-061-ct\/\" \/>\n<meta property=\"og:locale\" content=\"pt_BR\" \/>\n<meta property=\"og:type\" content=\"article\" \/>\n<meta property=\"og:title\" content=\"Brinco Santorini em Prata 925 e Ouro Amarelo 18k com Diamantes 0,61 ct - Relojoaria Bistec\" \/>\n<meta property=\"og:description\" content=\"Brinco Santorini em Prata 925 e Ouro Amarelo 18k com Diamantes 0,61 ct     Altura aprox\u00a0:\u00a021,9 mm      Cole\u00e7\u00e3o\u00a0:\u00a0Santorini      Material\u00a0:\u00a0Prata e Ouro      Pedras\u00a0:\u00a0diamante      Peso total em quilates\u00a0:\u00a00,61 Ct      Sugest\u00e3o\u00a0:\u00a0Para ela      Observa\u00e7\u00e3o\u00a0:\u00a0Todas as medidas s\u00e3o aproximadas e podem variar de acordo com a produ\u00e7\u00e3o.\" \/>\n<meta property=\"og:url\" content=\"https:\/\/site.bistec.com.br\/relojoaria\/produto\/brinco-santorini-em-prata-925-e-ouro-amarelo-18k-com-diamantes-061-ct\/\" \/>\n<meta property=\"og:site_name\" content=\"Relojoaria Bistec\" \/>\n<meta property=\"og:image\" content=\"https:\/\/site.bistec.com.br\/relojoaria\/wp-content\/uploads\/2025\/02\/Brinco-Tulum-em-Prata-925-com-Ouro-Amarelo-18k-e-Diamantes-105058_1_set.webp\" \/>\n\t<meta property=\"og:image:width\" content=\"1600\" \/>\n\t<meta property=\"og:image:height\" content=\"1600\" \/>\n\t<meta property=\"og:image:type\" content=\"image\/webp\" \/>\n<meta name=\"twitter:card\" content=\"summary_large_image\" \/>\n<script type=\"application\/ld+json\" class=\"yoast-schema-graph\">{\"@context\":\"https:\/\/schema.org\",\"@graph\":[{\"@type\":\"WebPage\",\"@id\":\"https:\/\/site.bistec.com.br\/relojoaria\/produto\/brinco-santorini-em-prata-925-e-ouro-amarelo-18k-com-diamantes-061-ct\/\",\"url\":\"https:\/\/site.bistec.com.br\/relojoaria\/produto\/brinco-santorini-em-prata-925-e-ouro-amarelo-18k-com-diamantes-061-ct\/\",\"name\":\"Brinco Santorini em Prata 925 e Ouro Amarelo 18k com Diamantes 0,61 ct - Relojoaria Bistec\",\"isPartOf\":{\"@id\":\"https:\/\/site.bistec.com.br\/relojoaria\/#website\"},\"primaryImageOfPage\":{\"@id\":\"https:\/\/site.bistec.com.br\/relojoaria\/produto\/brinco-santorini-em-prata-925-e-ouro-amarelo-18k-com-diamantes-061-ct\/#primaryimage\"},\"image\":{\"@id\":\"https:\/\/site.bistec.com.br\/relojoaria\/produto\/brinco-santorini-em-prata-925-e-ouro-amarelo-18k-com-diamantes-061-ct\/#primaryimage\"},\"thumbnailUrl\":\"https:\/\/site.bistec.com.br\/relojoaria\/wp-content\/uploads\/2025\/02\/Brinco-Tulum-em-Prata-925-com-Ouro-Amarelo-18k-e-Diamantes-105058_1_set.webp\",\"datePublished\":\"2025-02-07T16:32:06+00:00\",\"breadcrumb\":{\"@id\":\"https:\/\/site.bistec.com.br\/relojoaria\/produto\/brinco-santorini-em-prata-925-e-ouro-amarelo-18k-com-diamantes-061-ct\/#breadcrumb\"},\"inLanguage\":\"pt-BR\",\"potentialAction\":[{\"@type\":\"ReadAction\",\"target\":[\"https:\/\/site.bistec.com.br\/relojoaria\/produto\/brinco-santorini-em-prata-925-e-ouro-amarelo-18k-com-diamantes-061-ct\/\"]}]},{\"@type\":\"ImageObject\",\"inLanguage\":\"pt-BR\",\"@id\":\"https:\/\/site.bistec.com.br\/relojoaria\/produto\/brinco-santorini-em-prata-925-e-ouro-amarelo-18k-com-diamantes-061-ct\/#primaryimage\",\"url\":\"https:\/\/site.bistec.com.br\/relojoaria\/wp-content\/uploads\/2025\/02\/Brinco-Tulum-em-Prata-925-com-Ouro-Amarelo-18k-e-Diamantes-105058_1_set.webp\",\"contentUrl\":\"https:\/\/site.bistec.com.br\/relojoaria\/wp-content\/uploads\/2025\/02\/Brinco-Tulum-em-Prata-925-com-Ouro-Amarelo-18k-e-Diamantes-105058_1_set.webp\",\"width\":1600,\"height\":1600},{\"@type\":\"BreadcrumbList\",\"@id\":\"https:\/\/site.bistec.com.br\/relojoaria\/produto\/brinco-santorini-em-prata-925-e-ouro-amarelo-18k-com-diamantes-061-ct\/#breadcrumb\",\"itemListElement\":[{\"@type\":\"ListItem\",\"position\":1,\"name\":\"In\u00edcio\",\"item\":\"https:\/\/site.bistec.com.br\/relojoaria\/\"},{\"@type\":\"ListItem\",\"position\":2,\"name\":\"Loja\",\"item\":\"https:\/\/site.bistec.com.br\/relojoaria\/loja\/\"},{\"@type\":\"ListItem\",\"position\":3,\"name\":\"Brinco Santorini em Prata 925 e Ouro Amarelo 18k com Diamantes 0,61 ct\"}]},{\"@type\":\"WebSite\",\"@id\":\"https:\/\/site.bistec.com.br\/relojoaria\/#website\",\"url\":\"https:\/\/site.bistec.com.br\/relojoaria\/\",\"name\":\"Relojoaria Bistec\",\"description\":\"Relojoaria e Joalheria\",\"publisher\":{\"@id\":\"https:\/\/site.bistec.com.br\/relojoaria\/#organization\"},\"potentialAction\":[{\"@type\":\"SearchAction\",\"target\":{\"@type\":\"EntryPoint\",\"urlTemplate\":\"https:\/\/site.bistec.com.br\/relojoaria\/?s={search_term_string}\"},\"query-input\":{\"@type\":\"PropertyValueSpecification\",\"valueRequired\":true,\"valueName\":\"search_term_string\"}}],\"inLanguage\":\"pt-BR\"},{\"@type\":\"Organization\",\"@id\":\"https:\/\/site.bistec.com.br\/relojoaria\/#organization\",\"name\":\"Bistec Joias e relojoaria\",\"url\":\"https:\/\/site.bistec.com.br\/relojoaria\/\",\"logo\":{\"@type\":\"ImageObject\",\"inLanguage\":\"pt-BR\",\"@id\":\"https:\/\/site.bistec.com.br\/relojoaria\/#\/schema\/logo\/image\/\",\"url\":\"https:\/\/site.bistec.com.br\/relojoaria\/wp-content\/uploads\/2025\/01\/logo-bistec-joias-preto-sem-fundo.png\",\"contentUrl\":\"https:\/\/site.bistec.com.br\/relojoaria\/wp-content\/uploads\/2025\/01\/logo-bistec-joias-preto-sem-fundo.png\",\"width\":1048,\"height\":418,\"caption\":\"Bistec Joias e relojoaria\"},\"image\":{\"@id\":\"https:\/\/site.bistec.com.br\/relojoaria\/#\/schema\/logo\/image\/\"}}]}<\/script>\n<!-- \/ Yoast SEO plugin. -->","yoast_head_json":{"title":"Brinco Santorini em Prata 925 e Ouro Amarelo 18k com Diamantes 0,61 ct - Relojoaria Bistec","robots":{"index":"index","follow":"follow","max-snippet":"max-snippet:-1","max-image-preview":"max-image-preview:large","max-video-preview":"max-video-preview:-1"},"canonical":"https:\/\/site.bistec.com.br\/relojoaria\/produto\/brinco-santorini-em-prata-925-e-ouro-amarelo-18k-com-diamantes-061-ct\/","og_locale":"pt_BR","og_type":"article","og_title":"Brinco Santorini em Prata 925 e Ouro Amarelo 18k com Diamantes 0,61 ct - Relojoaria Bistec","og_description":"Brinco Santorini em Prata 925 e Ouro Amarelo 18k com Diamantes 0,61 ct     Altura aprox\u00a0:\u00a021,9 mm      Cole\u00e7\u00e3o\u00a0:\u00a0Santorini      Material\u00a0:\u00a0Prata e Ouro      Pedras\u00a0:\u00a0diamante      Peso total em quilates\u00a0:\u00a00,61 Ct      Sugest\u00e3o\u00a0:\u00a0Para ela      Observa\u00e7\u00e3o\u00a0:\u00a0Todas as medidas s\u00e3o aproximadas e podem variar de acordo com a produ\u00e7\u00e3o.","og_url":"https:\/\/site.bistec.com.br\/relojoaria\/produto\/brinco-santorini-em-prata-925-e-ouro-amarelo-18k-com-diamantes-061-ct\/","og_site_name":"Relojoaria Bistec","og_image":[{"width":1600,"height":1600,"url":"https:\/\/site.bistec.com.br\/relojoaria\/wp-content\/uploads\/2025\/02\/Brinco-Tulum-em-Prata-925-com-Ouro-Amarelo-18k-e-Diamantes-105058_1_set.webp","type":"image\/webp"}],"twitter_card":"summary_large_image","schema":{"@context":"https:\/\/schema.org","@graph":[{"@type":"WebPage","@id":"https:\/\/site.bistec.com.br\/relojoaria\/produto\/brinco-santorini-em-prata-925-e-ouro-amarelo-18k-com-diamantes-061-ct\/","url":"https:\/\/site.bistec.com.br\/relojoaria\/produto\/brinco-santorini-em-prata-925-e-ouro-amarelo-18k-com-diamantes-061-ct\/","name":"Brinco Santorini em Prata 925 e Ouro Amarelo 18k com Diamantes 0,61 ct - Relojoaria Bistec","isPartOf":{"@id":"https:\/\/site.bistec.com.br\/relojoaria\/#website"},"primaryImageOfPage":{"@id":"https:\/\/site.bistec.com.br\/relojoaria\/produto\/brinco-santorini-em-prata-925-e-ouro-amarelo-18k-com-diamantes-061-ct\/#primaryimage"},"image":{"@id":"https:\/\/site.bistec.com.br\/relojoaria\/produto\/brinco-santorini-em-prata-925-e-ouro-amarelo-18k-com-diamantes-061-ct\/#primaryimage"},"thumbnailUrl":"https:\/\/site.bistec.com.br\/relojoaria\/wp-content\/uploads\/2025\/02\/Brinco-Tulum-em-Prata-925-com-Ouro-Amarelo-18k-e-Diamantes-105058_1_set.webp","datePublished":"2025-02-07T16:32:06+00:00","breadcrumb":{"@id":"https:\/\/site.bistec.com.br\/relojoaria\/produto\/brinco-santorini-em-prata-925-e-ouro-amarelo-18k-com-diamantes-061-ct\/#breadcrumb"},"inLanguage":"pt-BR","potentialAction":[{"@type":"ReadAction","target":["https:\/\/site.bistec.com.br\/relojoaria\/produto\/brinco-santorini-em-prata-925-e-ouro-amarelo-18k-com-diamantes-061-ct\/"]}]},{"@type":"ImageObject","inLanguage":"pt-BR","@id":"https:\/\/site.bistec.com.br\/relojoaria\/produto\/brinco-santorini-em-prata-925-e-ouro-amarelo-18k-com-diamantes-061-ct\/#primaryimage","url":"https:\/\/site.bistec.com.br\/relojoaria\/wp-content\/uploads\/2025\/02\/Brinco-Tulum-em-Prata-925-com-Ouro-Amarelo-18k-e-Diamantes-105058_1_set.webp","contentUrl":"https:\/\/site.bistec.com.br\/relojoaria\/wp-content\/uploads\/2025\/02\/Brinco-Tulum-em-Prata-925-com-Ouro-Amarelo-18k-e-Diamantes-105058_1_set.webp","width":1600,"height":1600},{"@type":"BreadcrumbList","@id":"https:\/\/site.bistec.com.br\/relojoaria\/produto\/brinco-santorini-em-prata-925-e-ouro-amarelo-18k-com-diamantes-061-ct\/#breadcrumb","itemListElement":[{"@type":"ListItem","position":1,"name":"In\u00edcio","item":"https:\/\/site.bistec.com.br\/relojoaria\/"},{"@type":"ListItem","position":2,"name":"Loja","item":"https:\/\/site.bistec.com.br\/relojoaria\/loja\/"},{"@type":"ListItem","position":3,"name":"Brinco Santorini em Prata 925 e Ouro Amarelo 18k com Diamantes 0,61 ct"}]},{"@type":"WebSite","@id":"https:\/\/site.bistec.com.br\/relojoaria\/#website","url":"https:\/\/site.bistec.com.br\/relojoaria\/","name":"Relojoaria Bistec","description":"Relojoaria e Joalheria","publisher":{"@id":"https:\/\/site.bistec.com.br\/relojoaria\/#organization"},"potentialAction":[{"@type":"SearchAction","target":{"@type":"EntryPoint","urlTemplate":"https:\/\/site.bistec.com.br\/relojoaria\/?s={search_term_string}"},"query-input":{"@type":"PropertyValueSpecification","valueRequired":true,"valueName":"search_term_string"}}],"inLanguage":"pt-BR"},{"@type":"Organization","@id":"https:\/\/site.bistec.com.br\/relojoaria\/#organization","name":"Bistec Joias e relojoaria","url":"https:\/\/site.bistec.com.br\/relojoaria\/","logo":{"@type":"ImageObject","inLanguage":"pt-BR","@id":"https:\/\/site.bistec.com.br\/relojoaria\/#\/schema\/logo\/image\/","url":"https:\/\/site.bistec.com.br\/relojoaria\/wp-content\/uploads\/2025\/01\/logo-bistec-joias-preto-sem-fundo.png","contentUrl":"https:\/\/site.bistec.com.br\/relojoaria\/wp-content\/uploads\/2025\/01\/logo-bistec-joias-preto-sem-fundo.png","width":1048,"height":418,"caption":"Bistec Joias e relojoaria"},"image":{"@id":"https:\/\/site.bistec.com.br\/relojoaria\/#\/schema\/logo\/image\/"}}]}},"_links":{"self":[{"href":"https:\/\/site.bistec.com.br\/relojoaria\/wp-json\/wp\/v2\/product\/479","targetHints":{"allow":["GET"]}}],"collection":[{"href":"https:\/\/site.bistec.com.br\/relojoaria\/wp-json\/wp\/v2\/product"}],"about":[{"href":"https:\/\/site.bistec.com.br\/relojoaria\/wp-json\/wp\/v2\/types\/product"}],"replies":[{"embeddable":true,"href":"https:\/\/site.bistec.com.br\/relojoaria\/wp-json\/wp\/v2\/comments?post=479"}],"wp:featuredmedia":[{"embeddable":true,"href":"https:\/\/site.bistec.com.br\/relojoaria\/wp-json\/wp\/v2\/media\/482"}],"wp:attachment":[{"href":"https:\/\/site.bistec.com.br\/relojoaria\/wp-json\/wp\/v2\/media?parent=479"}],"wp:term":[{"taxonomy":"product_brand","embeddable":true,"href":"https:\/\/site.bistec.com.br\/relojoaria\/wp-json\/wp\/v2\/product_brand?post=479"},{"taxonomy":"product_cat","embeddable":true,"href":"https:\/\/site.bistec.com.br\/relojoaria\/wp-json\/wp\/v2\/product_cat?post=479"},{"taxonomy":"product_tag","embeddable":true,"href":"https:\/\/site.bistec.com.br\/relojoaria\/wp-json\/wp\/v2\/product_tag?post=479"}],"curies":[{"name":"wp","href":"https:\/\/api.w.org\/{rel}","templated":true}]}}