{"id":248,"date":"2025-02-05T15:05:38","date_gmt":"2025-02-05T18:05:38","guid":{"rendered":"https:\/\/bistec.com.br\/relojoaria\/?post_type=product&#038;p=248"},"modified":"2025-02-05T16:53:37","modified_gmt":"2025-02-05T19:53:37","slug":"alianca-life-coracao-em-prata-925-3-5mm","status":"publish","type":"product","link":"https:\/\/site.bistec.com.br\/relojoaria\/produto\/alianca-life-coracao-em-prata-925-3-5mm\/","title":{"rendered":"Alian\u00e7a Life Cora\u00e7\u00e3o em Prata 925, 3.5mm"},"content":{"rendered":"","protected":false},"excerpt":{"rendered":"<p class=\"description-text\"><strong>Alian\u00e7a Life Cora\u00e7\u00e3o em Prata 925, 3.5mm<\/strong><\/p>\n<div>\n<ul class=\"description-composition\">\n<li class=\"description-composition__item\">Cole\u00e7\u00e3o\u00a0:\u00a0Alian\u00e7a<\/li>\n<\/ul>\n<\/div>\n<div>\n<ul class=\"description-composition\">\n<li class=\"description-composition__item\">Espessura aprox.\u00a0:\u00a01,9 mm<\/li>\n<\/ul>\n<\/div>\n<div>\n<ul class=\"description-composition\">\n<li class=\"description-composition__item\">Largura aprox.\u00a0:\u00a03,5 mm<\/li>\n<\/ul>\n<\/div>\n<div>\n<ul class=\"description-composition\">\n<li class=\"description-composition__item\">Material\u00a0:\u00a0Prata<\/li>\n<\/ul>\n<\/div>\n<div>\n<ul class=\"description-composition\">\n<li class=\"description-composition__item\">Pedras\u00a0:\u00a0Zirc\u00f4nia vermelho<\/li>\n<\/ul>\n<\/div>\n<div>\n<ul class=\"description-composition\">\n<li class=\"description-composition__item\">Perfil\u00a0:\u00a0Meia Cana- Anat\u00f4mica<\/li>\n<\/ul>\n<\/div>\n<div>\n<ul class=\"description-composition\">\n<li class=\"description-composition__item\">Sugest\u00e3o\u00a0:\u00a0Para ela<\/li>\n<\/ul>\n<\/div>\n<div>\n<ul class=\"description-composition\">\n<li class=\"description-composition__item\">Observa\u00e7\u00e3o\u00a0:\u00a0Todas as medidas s\u00e3o aproximadas e podem variar de acordo com a produ\u00e7\u00e3o. Corrente n\u00e3o acompanha pingente.<\/li>\n<\/ul>\n<\/div>\n","protected":false},"featured_media":249,"comment_status":"open","ping_status":"closed","template":"","meta":[],"product_brand":[],"product_cat":[17,16,47],"product_tag":[],"class_list":{"0":"post-248","1":"product","2":"type-product","3":"status-publish","4":"has-post-thumbnail","6":"product_cat-aliancas","7":"product_cat-joias","8":"product_cat-namoro","10":"first","11":"instock","12":"taxable","13":"shipping-taxable","14":"purchasable","15":"product-type-variable"},"yoast_head":"<!-- This site is optimized with the Yoast SEO plugin v26.4 - https:\/\/yoast.com\/wordpress\/plugins\/seo\/ -->\n<title>Alian\u00e7a Life Cora\u00e7\u00e3o em Prata 925, 3.5mm - Relojoaria Bistec<\/title>\n<meta name=\"robots\" content=\"index, follow, max-snippet:-1, max-image-preview:large, max-video-preview:-1\" \/>\n<link rel=\"canonical\" href=\"https:\/\/site.bistec.com.br\/relojoaria\/produto\/alianca-life-coracao-em-prata-925-3-5mm\/\" \/>\n<meta property=\"og:locale\" content=\"pt_BR\" \/>\n<meta property=\"og:type\" content=\"article\" \/>\n<meta property=\"og:title\" content=\"Alian\u00e7a Life Cora\u00e7\u00e3o em Prata 925, 3.5mm - Relojoaria Bistec\" \/>\n<meta property=\"og:description\" content=\"Alian\u00e7a Life Cora\u00e7\u00e3o em Prata 925, 3.5mm     Cole\u00e7\u00e3o\u00a0:\u00a0Alian\u00e7a      Espessura aprox.\u00a0:\u00a01,9 mm      Largura aprox.\u00a0:\u00a03,5 mm      Material\u00a0:\u00a0Prata      Pedras\u00a0:\u00a0Zirc\u00f4nia vermelho      Perfil\u00a0:\u00a0Meia Cana- Anat\u00f4mica      Sugest\u00e3o\u00a0:\u00a0Para ela      Observa\u00e7\u00e3o\u00a0:\u00a0Todas as medidas s\u00e3o aproximadas e podem variar de acordo com a produ\u00e7\u00e3o. Corrente n\u00e3o acompanha pingente.\" \/>\n<meta property=\"og:url\" content=\"https:\/\/site.bistec.com.br\/relojoaria\/produto\/alianca-life-coracao-em-prata-925-3-5mm\/\" \/>\n<meta property=\"og:site_name\" content=\"Relojoaria Bistec\" \/>\n<meta property=\"article:modified_time\" content=\"2025-02-05T19:53:37+00:00\" \/>\n<meta property=\"og:image\" content=\"https:\/\/site.bistec.com.br\/relojoaria\/wp-content\/uploads\/2025\/02\/Alianca-Life-Coracao-em-Prata-925-35mm-5667_2_set.webp\" \/>\n\t<meta property=\"og:image:width\" content=\"1600\" \/>\n\t<meta property=\"og:image:height\" content=\"1600\" \/>\n\t<meta property=\"og:image:type\" content=\"image\/webp\" \/>\n<meta name=\"twitter:card\" content=\"summary_large_image\" \/>\n<script type=\"application\/ld+json\" class=\"yoast-schema-graph\">{\"@context\":\"https:\/\/schema.org\",\"@graph\":[{\"@type\":\"WebPage\",\"@id\":\"https:\/\/site.bistec.com.br\/relojoaria\/produto\/alianca-life-coracao-em-prata-925-3-5mm\/\",\"url\":\"https:\/\/site.bistec.com.br\/relojoaria\/produto\/alianca-life-coracao-em-prata-925-3-5mm\/\",\"name\":\"Alian\u00e7a Life Cora\u00e7\u00e3o em Prata 925, 3.5mm - Relojoaria Bistec\",\"isPartOf\":{\"@id\":\"https:\/\/site.bistec.com.br\/relojoaria\/#website\"},\"primaryImageOfPage\":{\"@id\":\"https:\/\/site.bistec.com.br\/relojoaria\/produto\/alianca-life-coracao-em-prata-925-3-5mm\/#primaryimage\"},\"image\":{\"@id\":\"https:\/\/site.bistec.com.br\/relojoaria\/produto\/alianca-life-coracao-em-prata-925-3-5mm\/#primaryimage\"},\"thumbnailUrl\":\"https:\/\/site.bistec.com.br\/relojoaria\/wp-content\/uploads\/2025\/02\/Alianca-Life-Coracao-em-Prata-925-35mm-5667_2_set.webp\",\"datePublished\":\"2025-02-05T18:05:38+00:00\",\"dateModified\":\"2025-02-05T19:53:37+00:00\",\"breadcrumb\":{\"@id\":\"https:\/\/site.bistec.com.br\/relojoaria\/produto\/alianca-life-coracao-em-prata-925-3-5mm\/#breadcrumb\"},\"inLanguage\":\"pt-BR\",\"potentialAction\":[{\"@type\":\"ReadAction\",\"target\":[\"https:\/\/site.bistec.com.br\/relojoaria\/produto\/alianca-life-coracao-em-prata-925-3-5mm\/\"]}]},{\"@type\":\"ImageObject\",\"inLanguage\":\"pt-BR\",\"@id\":\"https:\/\/site.bistec.com.br\/relojoaria\/produto\/alianca-life-coracao-em-prata-925-3-5mm\/#primaryimage\",\"url\":\"https:\/\/site.bistec.com.br\/relojoaria\/wp-content\/uploads\/2025\/02\/Alianca-Life-Coracao-em-Prata-925-35mm-5667_2_set.webp\",\"contentUrl\":\"https:\/\/site.bistec.com.br\/relojoaria\/wp-content\/uploads\/2025\/02\/Alianca-Life-Coracao-em-Prata-925-35mm-5667_2_set.webp\",\"width\":1600,\"height\":1600},{\"@type\":\"BreadcrumbList\",\"@id\":\"https:\/\/site.bistec.com.br\/relojoaria\/produto\/alianca-life-coracao-em-prata-925-3-5mm\/#breadcrumb\",\"itemListElement\":[{\"@type\":\"ListItem\",\"position\":1,\"name\":\"In\u00edcio\",\"item\":\"https:\/\/site.bistec.com.br\/relojoaria\/\"},{\"@type\":\"ListItem\",\"position\":2,\"name\":\"Loja\",\"item\":\"https:\/\/site.bistec.com.br\/relojoaria\/loja\/\"},{\"@type\":\"ListItem\",\"position\":3,\"name\":\"Alian\u00e7a Life Cora\u00e7\u00e3o em Prata 925, 3.5mm\"}]},{\"@type\":\"WebSite\",\"@id\":\"https:\/\/site.bistec.com.br\/relojoaria\/#website\",\"url\":\"https:\/\/site.bistec.com.br\/relojoaria\/\",\"name\":\"Relojoaria Bistec\",\"description\":\"Relojoaria e Joalheria\",\"publisher\":{\"@id\":\"https:\/\/site.bistec.com.br\/relojoaria\/#organization\"},\"potentialAction\":[{\"@type\":\"SearchAction\",\"target\":{\"@type\":\"EntryPoint\",\"urlTemplate\":\"https:\/\/site.bistec.com.br\/relojoaria\/?s={search_term_string}\"},\"query-input\":{\"@type\":\"PropertyValueSpecification\",\"valueRequired\":true,\"valueName\":\"search_term_string\"}}],\"inLanguage\":\"pt-BR\"},{\"@type\":\"Organization\",\"@id\":\"https:\/\/site.bistec.com.br\/relojoaria\/#organization\",\"name\":\"Bistec Joias e relojoaria\",\"url\":\"https:\/\/site.bistec.com.br\/relojoaria\/\",\"logo\":{\"@type\":\"ImageObject\",\"inLanguage\":\"pt-BR\",\"@id\":\"https:\/\/site.bistec.com.br\/relojoaria\/#\/schema\/logo\/image\/\",\"url\":\"https:\/\/site.bistec.com.br\/relojoaria\/wp-content\/uploads\/2025\/01\/logo-bistec-joias-preto-sem-fundo.png\",\"contentUrl\":\"https:\/\/site.bistec.com.br\/relojoaria\/wp-content\/uploads\/2025\/01\/logo-bistec-joias-preto-sem-fundo.png\",\"width\":1048,\"height\":418,\"caption\":\"Bistec Joias e relojoaria\"},\"image\":{\"@id\":\"https:\/\/site.bistec.com.br\/relojoaria\/#\/schema\/logo\/image\/\"}}]}<\/script>\n<!-- \/ Yoast SEO plugin. -->","yoast_head_json":{"title":"Alian\u00e7a Life Cora\u00e7\u00e3o em Prata 925, 3.5mm - Relojoaria Bistec","robots":{"index":"index","follow":"follow","max-snippet":"max-snippet:-1","max-image-preview":"max-image-preview:large","max-video-preview":"max-video-preview:-1"},"canonical":"https:\/\/site.bistec.com.br\/relojoaria\/produto\/alianca-life-coracao-em-prata-925-3-5mm\/","og_locale":"pt_BR","og_type":"article","og_title":"Alian\u00e7a Life Cora\u00e7\u00e3o em Prata 925, 3.5mm - Relojoaria Bistec","og_description":"Alian\u00e7a Life Cora\u00e7\u00e3o em Prata 925, 3.5mm     Cole\u00e7\u00e3o\u00a0:\u00a0Alian\u00e7a      Espessura aprox.\u00a0:\u00a01,9 mm      Largura aprox.\u00a0:\u00a03,5 mm      Material\u00a0:\u00a0Prata      Pedras\u00a0:\u00a0Zirc\u00f4nia vermelho      Perfil\u00a0:\u00a0Meia Cana- Anat\u00f4mica      Sugest\u00e3o\u00a0:\u00a0Para ela      Observa\u00e7\u00e3o\u00a0:\u00a0Todas as medidas s\u00e3o aproximadas e podem variar de acordo com a produ\u00e7\u00e3o. Corrente n\u00e3o acompanha pingente.","og_url":"https:\/\/site.bistec.com.br\/relojoaria\/produto\/alianca-life-coracao-em-prata-925-3-5mm\/","og_site_name":"Relojoaria Bistec","article_modified_time":"2025-02-05T19:53:37+00:00","og_image":[{"width":1600,"height":1600,"url":"https:\/\/site.bistec.com.br\/relojoaria\/wp-content\/uploads\/2025\/02\/Alianca-Life-Coracao-em-Prata-925-35mm-5667_2_set.webp","type":"image\/webp"}],"twitter_card":"summary_large_image","schema":{"@context":"https:\/\/schema.org","@graph":[{"@type":"WebPage","@id":"https:\/\/site.bistec.com.br\/relojoaria\/produto\/alianca-life-coracao-em-prata-925-3-5mm\/","url":"https:\/\/site.bistec.com.br\/relojoaria\/produto\/alianca-life-coracao-em-prata-925-3-5mm\/","name":"Alian\u00e7a Life Cora\u00e7\u00e3o em Prata 925, 3.5mm - Relojoaria Bistec","isPartOf":{"@id":"https:\/\/site.bistec.com.br\/relojoaria\/#website"},"primaryImageOfPage":{"@id":"https:\/\/site.bistec.com.br\/relojoaria\/produto\/alianca-life-coracao-em-prata-925-3-5mm\/#primaryimage"},"image":{"@id":"https:\/\/site.bistec.com.br\/relojoaria\/produto\/alianca-life-coracao-em-prata-925-3-5mm\/#primaryimage"},"thumbnailUrl":"https:\/\/site.bistec.com.br\/relojoaria\/wp-content\/uploads\/2025\/02\/Alianca-Life-Coracao-em-Prata-925-35mm-5667_2_set.webp","datePublished":"2025-02-05T18:05:38+00:00","dateModified":"2025-02-05T19:53:37+00:00","breadcrumb":{"@id":"https:\/\/site.bistec.com.br\/relojoaria\/produto\/alianca-life-coracao-em-prata-925-3-5mm\/#breadcrumb"},"inLanguage":"pt-BR","potentialAction":[{"@type":"ReadAction","target":["https:\/\/site.bistec.com.br\/relojoaria\/produto\/alianca-life-coracao-em-prata-925-3-5mm\/"]}]},{"@type":"ImageObject","inLanguage":"pt-BR","@id":"https:\/\/site.bistec.com.br\/relojoaria\/produto\/alianca-life-coracao-em-prata-925-3-5mm\/#primaryimage","url":"https:\/\/site.bistec.com.br\/relojoaria\/wp-content\/uploads\/2025\/02\/Alianca-Life-Coracao-em-Prata-925-35mm-5667_2_set.webp","contentUrl":"https:\/\/site.bistec.com.br\/relojoaria\/wp-content\/uploads\/2025\/02\/Alianca-Life-Coracao-em-Prata-925-35mm-5667_2_set.webp","width":1600,"height":1600},{"@type":"BreadcrumbList","@id":"https:\/\/site.bistec.com.br\/relojoaria\/produto\/alianca-life-coracao-em-prata-925-3-5mm\/#breadcrumb","itemListElement":[{"@type":"ListItem","position":1,"name":"In\u00edcio","item":"https:\/\/site.bistec.com.br\/relojoaria\/"},{"@type":"ListItem","position":2,"name":"Loja","item":"https:\/\/site.bistec.com.br\/relojoaria\/loja\/"},{"@type":"ListItem","position":3,"name":"Alian\u00e7a Life Cora\u00e7\u00e3o em Prata 925, 3.5mm"}]},{"@type":"WebSite","@id":"https:\/\/site.bistec.com.br\/relojoaria\/#website","url":"https:\/\/site.bistec.com.br\/relojoaria\/","name":"Relojoaria Bistec","description":"Relojoaria e Joalheria","publisher":{"@id":"https:\/\/site.bistec.com.br\/relojoaria\/#organization"},"potentialAction":[{"@type":"SearchAction","target":{"@type":"EntryPoint","urlTemplate":"https:\/\/site.bistec.com.br\/relojoaria\/?s={search_term_string}"},"query-input":{"@type":"PropertyValueSpecification","valueRequired":true,"valueName":"search_term_string"}}],"inLanguage":"pt-BR"},{"@type":"Organization","@id":"https:\/\/site.bistec.com.br\/relojoaria\/#organization","name":"Bistec Joias e relojoaria","url":"https:\/\/site.bistec.com.br\/relojoaria\/","logo":{"@type":"ImageObject","inLanguage":"pt-BR","@id":"https:\/\/site.bistec.com.br\/relojoaria\/#\/schema\/logo\/image\/","url":"https:\/\/site.bistec.com.br\/relojoaria\/wp-content\/uploads\/2025\/01\/logo-bistec-joias-preto-sem-fundo.png","contentUrl":"https:\/\/site.bistec.com.br\/relojoaria\/wp-content\/uploads\/2025\/01\/logo-bistec-joias-preto-sem-fundo.png","width":1048,"height":418,"caption":"Bistec Joias e relojoaria"},"image":{"@id":"https:\/\/site.bistec.com.br\/relojoaria\/#\/schema\/logo\/image\/"}}]}},"_links":{"self":[{"href":"https:\/\/site.bistec.com.br\/relojoaria\/wp-json\/wp\/v2\/product\/248","targetHints":{"allow":["GET"]}}],"collection":[{"href":"https:\/\/site.bistec.com.br\/relojoaria\/wp-json\/wp\/v2\/product"}],"about":[{"href":"https:\/\/site.bistec.com.br\/relojoaria\/wp-json\/wp\/v2\/types\/product"}],"replies":[{"embeddable":true,"href":"https:\/\/site.bistec.com.br\/relojoaria\/wp-json\/wp\/v2\/comments?post=248"}],"wp:featuredmedia":[{"embeddable":true,"href":"https:\/\/site.bistec.com.br\/relojoaria\/wp-json\/wp\/v2\/media\/249"}],"wp:attachment":[{"href":"https:\/\/site.bistec.com.br\/relojoaria\/wp-json\/wp\/v2\/media?parent=248"}],"wp:term":[{"taxonomy":"product_brand","embeddable":true,"href":"https:\/\/site.bistec.com.br\/relojoaria\/wp-json\/wp\/v2\/product_brand?post=248"},{"taxonomy":"product_cat","embeddable":true,"href":"https:\/\/site.bistec.com.br\/relojoaria\/wp-json\/wp\/v2\/product_cat?post=248"},{"taxonomy":"product_tag","embeddable":true,"href":"https:\/\/site.bistec.com.br\/relojoaria\/wp-json\/wp\/v2\/product_tag?post=248"}],"curies":[{"name":"wp","href":"https:\/\/api.w.org\/{rel}","templated":true}]}}