{"id":340,"date":"2024-08-19T17:48:57","date_gmt":"2024-08-19T16:48:57","guid":{"rendered":"https:\/\/site.bistec.com.pt\/motor\/?post_type=product&#038;p=340"},"modified":"2024-08-19T17:48:58","modified_gmt":"2024-08-19T16:48:58","slug":"porsche-911","status":"publish","type":"product","link":"https:\/\/site.bistec.com.br\/motor\/produto\/porsche-911\/","title":{"rendered":"Porsche 911"},"content":{"rendered":"<h3><strong>Informa\u00e7\u00f5es do Ve\u00edculo:<\/strong><\/h3>\n<p>Pacote Sport Chrono &#8211; Roda Carrera Classic &#8211; Bancos esportivos el\u00e9tricos de 14 vias &#8211; Sistema de som BOSE\u00ae Surround &#8211; ParkAssist dianteiro e traseiro &#8211; Sistema de escapamento esportivo &#8211; Sistema Porsche Entry &amp; Drive &#8211; Controle de climatiza\u00e7\u00e3o autom\u00e1tico de 2 zonas<\/p>\n<h3><strong>Itens do Ve\u00edculo:<\/strong><\/h3>\n<p>Airbag<br \/>\nAr quente<br \/>\nBancos dianteiros com aquecimento<br \/>\nBanco com regulagem de altura<br \/>\nComputador de bordo<br \/>\nControle de tra\u00e7\u00e3o<br \/>\nAr condicionado<br \/>\nFreio ABS<br \/>\nControle autom\u00e1tico de velocidade<br \/>\nRetrovisores el\u00e9tricos<br \/>\nRodas de liga leve<br \/>\nSensor de chuva<br \/>\nSensor de estacionamento<br \/>\nTravas el\u00e9tricas<br \/>\nVidros el\u00e9tricos<br \/>\nVolante com regulagem de altura<br \/>\nBancos em couro<br \/>\nTra\u00e7\u00e3o 4&#215;4<br \/>\nGPS<\/p>\n","protected":false},"excerpt":{"rendered":"<p><span style=\"color: #58a4b0;\"><strong>3.0 24V H6 GASOLINA CARRERA CABRIOLET PDK<\/strong><\/span><\/p>\n<p><strong>Ano<\/strong><br \/>\n2016\/2017<\/p>\n<p><strong>KM<\/strong><br \/>\n6.732<\/p>\n<p><strong>C\u00e2mbio<\/strong><br \/>\nAutom\u00e1tico<\/p>\n<p><strong>Carroceria<\/strong><br \/>\nConvers\u00edvel<\/p>\n<p><strong>Combust\u00edvel<\/strong><br \/>\nGasolina<\/p>\n","protected":false},"featured_media":341,"comment_status":"closed","ping_status":"closed","template":"","meta":[],"product_brand":[],"product_cat":[15,20],"product_tag":[],"class_list":{"0":"post-340","1":"product","2":"type-product","3":"status-publish","4":"has-post-thumbnail","6":"product_cat-veiculos-semi-novos","7":"product_cat-veiculos-importados","9":"first","10":"instock","11":"shipping-taxable","12":"purchasable","13":"product-type-simple"},"yoast_head":"<!-- This site is optimized with the Yoast SEO plugin v26.4 - https:\/\/yoast.com\/wordpress\/plugins\/seo\/ -->\n<title>Porsche 911 - Site modelo Bistec para Motors<\/title>\n<meta name=\"robots\" content=\"index, follow, max-snippet:-1, max-image-preview:large, max-video-preview:-1\" \/>\n<link rel=\"canonical\" href=\"https:\/\/site.bistec.com.br\/motor\/produto\/porsche-911\/\" \/>\n<meta property=\"og:locale\" content=\"pt_PT\" \/>\n<meta property=\"og:type\" content=\"article\" \/>\n<meta property=\"og:title\" content=\"Porsche 911 - Site modelo Bistec para Motors\" \/>\n<meta property=\"og:description\" content=\"3.0 24V H6 GASOLINA CARRERA CABRIOLET PDK  Ano 2016\/2017  KM 6.732  C\u00e2mbio Autom\u00e1tico  Carroceria Convers\u00edvel  Combust\u00edvel Gasolina\" \/>\n<meta property=\"og:url\" content=\"https:\/\/site.bistec.com.br\/motor\/produto\/porsche-911\/\" \/>\n<meta property=\"og:site_name\" content=\"Site modelo Bistec para Motors\" \/>\n<meta property=\"article:modified_time\" content=\"2024-08-19T16:48:58+00:00\" \/>\n<meta property=\"og:image\" content=\"https:\/\/site.bistec.com.br\/motor\/wp-content\/uploads\/2024\/08\/porsche-911-3-0-24v-h6-gasolina-carrera-cabriolet-pdk-wmimagem17223542526.webp\" \/>\n\t<meta property=\"og:image:width\" content=\"552\" \/>\n\t<meta property=\"og:image:height\" content=\"414\" \/>\n\t<meta property=\"og:image:type\" content=\"image\/webp\" \/>\n<meta name=\"twitter:card\" content=\"summary_large_image\" \/>\n<meta name=\"twitter:label1\" content=\"Tempo estimado de leitura\" \/>\n\t<meta name=\"twitter:data1\" content=\"1 minuto\" \/>\n<script type=\"application\/ld+json\" class=\"yoast-schema-graph\">{\"@context\":\"https:\/\/schema.org\",\"@graph\":[{\"@type\":\"WebPage\",\"@id\":\"https:\/\/site.bistec.com.br\/motor\/produto\/porsche-911\/\",\"url\":\"https:\/\/site.bistec.com.br\/motor\/produto\/porsche-911\/\",\"name\":\"Porsche 911 - Site modelo Bistec para Motors\",\"isPartOf\":{\"@id\":\"https:\/\/site.bistec.com.br\/motor\/#website\"},\"primaryImageOfPage\":{\"@id\":\"https:\/\/site.bistec.com.br\/motor\/produto\/porsche-911\/#primaryimage\"},\"image\":{\"@id\":\"https:\/\/site.bistec.com.br\/motor\/produto\/porsche-911\/#primaryimage\"},\"thumbnailUrl\":\"https:\/\/site.bistec.com.br\/motor\/wp-content\/uploads\/2024\/08\/porsche-911-3-0-24v-h6-gasolina-carrera-cabriolet-pdk-wmimagem17223542526.webp\",\"datePublished\":\"2024-08-19T16:48:57+00:00\",\"dateModified\":\"2024-08-19T16:48:58+00:00\",\"breadcrumb\":{\"@id\":\"https:\/\/site.bistec.com.br\/motor\/produto\/porsche-911\/#breadcrumb\"},\"inLanguage\":\"pt-PT\",\"potentialAction\":[{\"@type\":\"ReadAction\",\"target\":[\"https:\/\/site.bistec.com.br\/motor\/produto\/porsche-911\/\"]}]},{\"@type\":\"ImageObject\",\"inLanguage\":\"pt-PT\",\"@id\":\"https:\/\/site.bistec.com.br\/motor\/produto\/porsche-911\/#primaryimage\",\"url\":\"https:\/\/site.bistec.com.br\/motor\/wp-content\/uploads\/2024\/08\/porsche-911-3-0-24v-h6-gasolina-carrera-cabriolet-pdk-wmimagem17223542526.webp\",\"contentUrl\":\"https:\/\/site.bistec.com.br\/motor\/wp-content\/uploads\/2024\/08\/porsche-911-3-0-24v-h6-gasolina-carrera-cabriolet-pdk-wmimagem17223542526.webp\",\"width\":552,\"height\":414},{\"@type\":\"BreadcrumbList\",\"@id\":\"https:\/\/site.bistec.com.br\/motor\/produto\/porsche-911\/#breadcrumb\",\"itemListElement\":[{\"@type\":\"ListItem\",\"position\":1,\"name\":\"In\u00edcio\",\"item\":\"https:\/\/site.bistec.com.br\/motor\/\"},{\"@type\":\"ListItem\",\"position\":2,\"name\":\"Estoque\",\"item\":\"https:\/\/site.bistec.com.br\/motor\/estoque\/\"},{\"@type\":\"ListItem\",\"position\":3,\"name\":\"Porsche 911\"}]},{\"@type\":\"WebSite\",\"@id\":\"https:\/\/site.bistec.com.br\/motor\/#website\",\"url\":\"https:\/\/site.bistec.com.br\/motor\/\",\"name\":\"Bistec Motors - Site Modelo\",\"description\":\"Loja modelo Automotivo\",\"publisher\":{\"@id\":\"https:\/\/site.bistec.com.br\/motor\/#organization\"},\"potentialAction\":[{\"@type\":\"SearchAction\",\"target\":{\"@type\":\"EntryPoint\",\"urlTemplate\":\"https:\/\/site.bistec.com.br\/motor\/?s={search_term_string}\"},\"query-input\":{\"@type\":\"PropertyValueSpecification\",\"valueRequired\":true,\"valueName\":\"search_term_string\"}}],\"inLanguage\":\"pt-PT\"},{\"@type\":\"Organization\",\"@id\":\"https:\/\/site.bistec.com.br\/motor\/#organization\",\"name\":\"Bistec\",\"url\":\"https:\/\/site.bistec.com.br\/motor\/\",\"logo\":{\"@type\":\"ImageObject\",\"inLanguage\":\"pt-PT\",\"@id\":\"https:\/\/site.bistec.com.br\/motor\/#\/schema\/logo\/image\/\",\"url\":\"https:\/\/site.bistec.com.br\/motor\/wp-content\/uploads\/2024\/08\/Logotipo-Extenso.png\",\"contentUrl\":\"https:\/\/site.bistec.com.br\/motor\/wp-content\/uploads\/2024\/08\/Logotipo-Extenso.png\",\"width\":1073,\"height\":565,\"caption\":\"Bistec\"},\"image\":{\"@id\":\"https:\/\/site.bistec.com.br\/motor\/#\/schema\/logo\/image\/\"}}]}<\/script>\n<!-- \/ Yoast SEO plugin. -->","yoast_head_json":{"title":"Porsche 911 - Site modelo Bistec para Motors","robots":{"index":"index","follow":"follow","max-snippet":"max-snippet:-1","max-image-preview":"max-image-preview:large","max-video-preview":"max-video-preview:-1"},"canonical":"https:\/\/site.bistec.com.br\/motor\/produto\/porsche-911\/","og_locale":"pt_PT","og_type":"article","og_title":"Porsche 911 - Site modelo Bistec para Motors","og_description":"3.0 24V H6 GASOLINA CARRERA CABRIOLET PDK  Ano 2016\/2017  KM 6.732  C\u00e2mbio Autom\u00e1tico  Carroceria Convers\u00edvel  Combust\u00edvel Gasolina","og_url":"https:\/\/site.bistec.com.br\/motor\/produto\/porsche-911\/","og_site_name":"Site modelo Bistec para Motors","article_modified_time":"2024-08-19T16:48:58+00:00","og_image":[{"width":552,"height":414,"url":"https:\/\/site.bistec.com.br\/motor\/wp-content\/uploads\/2024\/08\/porsche-911-3-0-24v-h6-gasolina-carrera-cabriolet-pdk-wmimagem17223542526.webp","type":"image\/webp"}],"twitter_card":"summary_large_image","twitter_misc":{"Tempo estimado de leitura":"1 minuto"},"schema":{"@context":"https:\/\/schema.org","@graph":[{"@type":"WebPage","@id":"https:\/\/site.bistec.com.br\/motor\/produto\/porsche-911\/","url":"https:\/\/site.bistec.com.br\/motor\/produto\/porsche-911\/","name":"Porsche 911 - Site modelo Bistec para Motors","isPartOf":{"@id":"https:\/\/site.bistec.com.br\/motor\/#website"},"primaryImageOfPage":{"@id":"https:\/\/site.bistec.com.br\/motor\/produto\/porsche-911\/#primaryimage"},"image":{"@id":"https:\/\/site.bistec.com.br\/motor\/produto\/porsche-911\/#primaryimage"},"thumbnailUrl":"https:\/\/site.bistec.com.br\/motor\/wp-content\/uploads\/2024\/08\/porsche-911-3-0-24v-h6-gasolina-carrera-cabriolet-pdk-wmimagem17223542526.webp","datePublished":"2024-08-19T16:48:57+00:00","dateModified":"2024-08-19T16:48:58+00:00","breadcrumb":{"@id":"https:\/\/site.bistec.com.br\/motor\/produto\/porsche-911\/#breadcrumb"},"inLanguage":"pt-PT","potentialAction":[{"@type":"ReadAction","target":["https:\/\/site.bistec.com.br\/motor\/produto\/porsche-911\/"]}]},{"@type":"ImageObject","inLanguage":"pt-PT","@id":"https:\/\/site.bistec.com.br\/motor\/produto\/porsche-911\/#primaryimage","url":"https:\/\/site.bistec.com.br\/motor\/wp-content\/uploads\/2024\/08\/porsche-911-3-0-24v-h6-gasolina-carrera-cabriolet-pdk-wmimagem17223542526.webp","contentUrl":"https:\/\/site.bistec.com.br\/motor\/wp-content\/uploads\/2024\/08\/porsche-911-3-0-24v-h6-gasolina-carrera-cabriolet-pdk-wmimagem17223542526.webp","width":552,"height":414},{"@type":"BreadcrumbList","@id":"https:\/\/site.bistec.com.br\/motor\/produto\/porsche-911\/#breadcrumb","itemListElement":[{"@type":"ListItem","position":1,"name":"In\u00edcio","item":"https:\/\/site.bistec.com.br\/motor\/"},{"@type":"ListItem","position":2,"name":"Estoque","item":"https:\/\/site.bistec.com.br\/motor\/estoque\/"},{"@type":"ListItem","position":3,"name":"Porsche 911"}]},{"@type":"WebSite","@id":"https:\/\/site.bistec.com.br\/motor\/#website","url":"https:\/\/site.bistec.com.br\/motor\/","name":"Bistec Motors - Site Modelo","description":"Loja modelo Automotivo","publisher":{"@id":"https:\/\/site.bistec.com.br\/motor\/#organization"},"potentialAction":[{"@type":"SearchAction","target":{"@type":"EntryPoint","urlTemplate":"https:\/\/site.bistec.com.br\/motor\/?s={search_term_string}"},"query-input":{"@type":"PropertyValueSpecification","valueRequired":true,"valueName":"search_term_string"}}],"inLanguage":"pt-PT"},{"@type":"Organization","@id":"https:\/\/site.bistec.com.br\/motor\/#organization","name":"Bistec","url":"https:\/\/site.bistec.com.br\/motor\/","logo":{"@type":"ImageObject","inLanguage":"pt-PT","@id":"https:\/\/site.bistec.com.br\/motor\/#\/schema\/logo\/image\/","url":"https:\/\/site.bistec.com.br\/motor\/wp-content\/uploads\/2024\/08\/Logotipo-Extenso.png","contentUrl":"https:\/\/site.bistec.com.br\/motor\/wp-content\/uploads\/2024\/08\/Logotipo-Extenso.png","width":1073,"height":565,"caption":"Bistec"},"image":{"@id":"https:\/\/site.bistec.com.br\/motor\/#\/schema\/logo\/image\/"}}]}},"_links":{"self":[{"href":"https:\/\/site.bistec.com.br\/motor\/wp-json\/wp\/v2\/product\/340","targetHints":{"allow":["GET"]}}],"collection":[{"href":"https:\/\/site.bistec.com.br\/motor\/wp-json\/wp\/v2\/product"}],"about":[{"href":"https:\/\/site.bistec.com.br\/motor\/wp-json\/wp\/v2\/types\/product"}],"replies":[{"embeddable":true,"href":"https:\/\/site.bistec.com.br\/motor\/wp-json\/wp\/v2\/comments?post=340"}],"wp:featuredmedia":[{"embeddable":true,"href":"https:\/\/site.bistec.com.br\/motor\/wp-json\/wp\/v2\/media\/341"}],"wp:attachment":[{"href":"https:\/\/site.bistec.com.br\/motor\/wp-json\/wp\/v2\/media?parent=340"}],"wp:term":[{"taxonomy":"product_brand","embeddable":true,"href":"https:\/\/site.bistec.com.br\/motor\/wp-json\/wp\/v2\/product_brand?post=340"},{"taxonomy":"product_cat","embeddable":true,"href":"https:\/\/site.bistec.com.br\/motor\/wp-json\/wp\/v2\/product_cat?post=340"},{"taxonomy":"product_tag","embeddable":true,"href":"https:\/\/site.bistec.com.br\/motor\/wp-json\/wp\/v2\/product_tag?post=340"}],"curies":[{"name":"wp","href":"https:\/\/api.w.org\/{rel}","templated":true}]}}