{"id":176,"date":"2024-08-16T18:01:28","date_gmt":"2024-08-16T17:01:28","guid":{"rendered":"https:\/\/site.bistec.com.pt\/motor\/?post_type=product&#038;p=176"},"modified":"2024-08-16T18:01:28","modified_gmt":"2024-08-16T17:01:28","slug":"bmw-320i","status":"publish","type":"product","link":"https:\/\/site.bistec.com.br\/motor\/produto\/bmw-320i\/","title":{"rendered":"BMW 320i"},"content":{"rendered":"<h3><strong>Informa\u00e7\u00f5es do Ve\u00edculo:<\/strong><\/h3>\n<p>Banco bi-partido, Comando de \u00e1udio no volante, Controle de estabilidade, Dire\u00e7\u00e3o El\u00e9trica, Distribui\u00e7\u00e3o eletr\u00f4nica de frenagem, Farol de neblina, Kit Multim\u00eddia, MP3 Player, P\u00e1ra-choques na cor do ve\u00edculo.<\/p>\n<h3><strong>Itens do Ve\u00edculo:<\/strong><\/h3>\n<p>Airbag<br \/>\nAlarme<br \/>\nAr quente<br \/>\nBanco com regulagem de altura<br \/>\nComputador de bordo<br \/>\nControle de tra\u00e7\u00e3o<br \/>\nDesemba\u00e7ador traseiro<br \/>\nAr condicionado<br \/>\nEncosto de cabe\u00e7a traseiro<br \/>\nFreio ABS<br \/>\nControle autom\u00e1tico de velocidade<br \/>\nRetrovisores el\u00e9tricos<br \/>\nRodas de liga leve<br \/>\nSensor de chuva<br \/>\nSensor de estacionamento<br \/>\nTeto solar<br \/>\nRetrovisor fotocr\u00f4mico<br \/>\nTravas el\u00e9tricas<br \/>\nVidros el\u00e9tricos<br \/>\nVolante com regulagem de altura<br \/>\nBancos em couro<br \/>\nGPS<\/p>\n","protected":false},"excerpt":{"rendered":"<p><span style=\"color: #58a4b0;\"><strong>2.0 16V TURBO FLEX M SPORT AUTOM\u00c1TICO<\/strong><\/span><\/p>\n<p><strong>Ano<\/strong><br \/>\n2023\/2024<\/p>\n<p><strong>KM<\/strong><br \/>\n17.118<\/p>\n<p><strong>C\u00e2mbio<\/strong><br \/>\nAutom\u00e1tico<\/p>\n<p><strong>Carroceria<\/strong><br \/>\nSed\u00e3<\/p>\n<p><strong>Combust\u00edvel<\/strong><br \/>\nGasolina e \u00c1lcool<\/p>\n","protected":false},"featured_media":177,"comment_status":"closed","ping_status":"closed","template":"","meta":[],"product_brand":[],"product_cat":[15,20],"product_tag":[],"class_list":{"0":"post-176","1":"product","2":"type-product","3":"status-publish","4":"has-post-thumbnail","6":"product_cat-veiculos-semi-novos","7":"product_cat-veiculos-importados","9":"first","10":"instock","11":"shipping-taxable","12":"purchasable","13":"product-type-simple"},"yoast_head":"<!-- This site is optimized with the Yoast SEO plugin v26.4 - https:\/\/yoast.com\/wordpress\/plugins\/seo\/ -->\n<title>BMW 320i - Site modelo Bistec para Motors<\/title>\n<meta name=\"robots\" content=\"index, follow, max-snippet:-1, max-image-preview:large, max-video-preview:-1\" \/>\n<link rel=\"canonical\" href=\"https:\/\/site.bistec.com.br\/motor\/produto\/bmw-320i\/\" \/>\n<meta property=\"og:locale\" content=\"pt_PT\" \/>\n<meta property=\"og:type\" content=\"article\" \/>\n<meta property=\"og:title\" content=\"BMW 320i - Site modelo Bistec para Motors\" \/>\n<meta property=\"og:description\" content=\"2.0 16V TURBO FLEX M SPORT AUTOM\u00c1TICO  Ano 2023\/2024  KM 17.118  C\u00e2mbio Autom\u00e1tico  Carroceria Sed\u00e3  Combust\u00edvel Gasolina e \u00c1lcool\" \/>\n<meta property=\"og:url\" content=\"https:\/\/site.bistec.com.br\/motor\/produto\/bmw-320i\/\" \/>\n<meta property=\"og:site_name\" content=\"Site modelo Bistec para Motors\" \/>\n<meta property=\"og:image\" content=\"https:\/\/site.bistec.com.br\/motor\/wp-content\/uploads\/2024\/08\/bmw-320i-2-0-16v-turbo-flex-m-sport-automatico-wmimagem20284967520.webp\" \/>\n\t<meta property=\"og:image:width\" content=\"552\" \/>\n\t<meta property=\"og:image:height\" content=\"414\" \/>\n\t<meta property=\"og:image:type\" content=\"image\/webp\" \/>\n<meta name=\"twitter:card\" content=\"summary_large_image\" \/>\n<meta name=\"twitter:label1\" content=\"Tempo estimado de leitura\" \/>\n\t<meta name=\"twitter:data1\" content=\"1 minuto\" \/>\n<script type=\"application\/ld+json\" class=\"yoast-schema-graph\">{\"@context\":\"https:\/\/schema.org\",\"@graph\":[{\"@type\":\"WebPage\",\"@id\":\"https:\/\/site.bistec.com.br\/motor\/produto\/bmw-320i\/\",\"url\":\"https:\/\/site.bistec.com.br\/motor\/produto\/bmw-320i\/\",\"name\":\"BMW 320i - Site modelo Bistec para Motors\",\"isPartOf\":{\"@id\":\"https:\/\/site.bistec.com.br\/motor\/#website\"},\"primaryImageOfPage\":{\"@id\":\"https:\/\/site.bistec.com.br\/motor\/produto\/bmw-320i\/#primaryimage\"},\"image\":{\"@id\":\"https:\/\/site.bistec.com.br\/motor\/produto\/bmw-320i\/#primaryimage\"},\"thumbnailUrl\":\"https:\/\/site.bistec.com.br\/motor\/wp-content\/uploads\/2024\/08\/bmw-320i-2-0-16v-turbo-flex-m-sport-automatico-wmimagem20284967520.webp\",\"datePublished\":\"2024-08-16T17:01:28+00:00\",\"breadcrumb\":{\"@id\":\"https:\/\/site.bistec.com.br\/motor\/produto\/bmw-320i\/#breadcrumb\"},\"inLanguage\":\"pt-PT\",\"potentialAction\":[{\"@type\":\"ReadAction\",\"target\":[\"https:\/\/site.bistec.com.br\/motor\/produto\/bmw-320i\/\"]}]},{\"@type\":\"ImageObject\",\"inLanguage\":\"pt-PT\",\"@id\":\"https:\/\/site.bistec.com.br\/motor\/produto\/bmw-320i\/#primaryimage\",\"url\":\"https:\/\/site.bistec.com.br\/motor\/wp-content\/uploads\/2024\/08\/bmw-320i-2-0-16v-turbo-flex-m-sport-automatico-wmimagem20284967520.webp\",\"contentUrl\":\"https:\/\/site.bistec.com.br\/motor\/wp-content\/uploads\/2024\/08\/bmw-320i-2-0-16v-turbo-flex-m-sport-automatico-wmimagem20284967520.webp\",\"width\":552,\"height\":414},{\"@type\":\"BreadcrumbList\",\"@id\":\"https:\/\/site.bistec.com.br\/motor\/produto\/bmw-320i\/#breadcrumb\",\"itemListElement\":[{\"@type\":\"ListItem\",\"position\":1,\"name\":\"In\u00edcio\",\"item\":\"https:\/\/site.bistec.com.br\/motor\/\"},{\"@type\":\"ListItem\",\"position\":2,\"name\":\"Estoque\",\"item\":\"https:\/\/site.bistec.com.br\/motor\/estoque\/\"},{\"@type\":\"ListItem\",\"position\":3,\"name\":\"BMW 320i\"}]},{\"@type\":\"WebSite\",\"@id\":\"https:\/\/site.bistec.com.br\/motor\/#website\",\"url\":\"https:\/\/site.bistec.com.br\/motor\/\",\"name\":\"Bistec Motors - Site Modelo\",\"description\":\"Loja modelo Automotivo\",\"publisher\":{\"@id\":\"https:\/\/site.bistec.com.br\/motor\/#organization\"},\"potentialAction\":[{\"@type\":\"SearchAction\",\"target\":{\"@type\":\"EntryPoint\",\"urlTemplate\":\"https:\/\/site.bistec.com.br\/motor\/?s={search_term_string}\"},\"query-input\":{\"@type\":\"PropertyValueSpecification\",\"valueRequired\":true,\"valueName\":\"search_term_string\"}}],\"inLanguage\":\"pt-PT\"},{\"@type\":\"Organization\",\"@id\":\"https:\/\/site.bistec.com.br\/motor\/#organization\",\"name\":\"Bistec\",\"url\":\"https:\/\/site.bistec.com.br\/motor\/\",\"logo\":{\"@type\":\"ImageObject\",\"inLanguage\":\"pt-PT\",\"@id\":\"https:\/\/site.bistec.com.br\/motor\/#\/schema\/logo\/image\/\",\"url\":\"https:\/\/site.bistec.com.br\/motor\/wp-content\/uploads\/2024\/08\/Logotipo-Extenso.png\",\"contentUrl\":\"https:\/\/site.bistec.com.br\/motor\/wp-content\/uploads\/2024\/08\/Logotipo-Extenso.png\",\"width\":1073,\"height\":565,\"caption\":\"Bistec\"},\"image\":{\"@id\":\"https:\/\/site.bistec.com.br\/motor\/#\/schema\/logo\/image\/\"}}]}<\/script>\n<!-- \/ Yoast SEO plugin. -->","yoast_head_json":{"title":"BMW 320i - Site modelo Bistec para Motors","robots":{"index":"index","follow":"follow","max-snippet":"max-snippet:-1","max-image-preview":"max-image-preview:large","max-video-preview":"max-video-preview:-1"},"canonical":"https:\/\/site.bistec.com.br\/motor\/produto\/bmw-320i\/","og_locale":"pt_PT","og_type":"article","og_title":"BMW 320i - Site modelo Bistec para Motors","og_description":"2.0 16V TURBO FLEX M SPORT AUTOM\u00c1TICO  Ano 2023\/2024  KM 17.118  C\u00e2mbio Autom\u00e1tico  Carroceria Sed\u00e3  Combust\u00edvel Gasolina e \u00c1lcool","og_url":"https:\/\/site.bistec.com.br\/motor\/produto\/bmw-320i\/","og_site_name":"Site modelo Bistec para Motors","og_image":[{"width":552,"height":414,"url":"https:\/\/site.bistec.com.br\/motor\/wp-content\/uploads\/2024\/08\/bmw-320i-2-0-16v-turbo-flex-m-sport-automatico-wmimagem20284967520.webp","type":"image\/webp"}],"twitter_card":"summary_large_image","twitter_misc":{"Tempo estimado de leitura":"1 minuto"},"schema":{"@context":"https:\/\/schema.org","@graph":[{"@type":"WebPage","@id":"https:\/\/site.bistec.com.br\/motor\/produto\/bmw-320i\/","url":"https:\/\/site.bistec.com.br\/motor\/produto\/bmw-320i\/","name":"BMW 320i - Site modelo Bistec para Motors","isPartOf":{"@id":"https:\/\/site.bistec.com.br\/motor\/#website"},"primaryImageOfPage":{"@id":"https:\/\/site.bistec.com.br\/motor\/produto\/bmw-320i\/#primaryimage"},"image":{"@id":"https:\/\/site.bistec.com.br\/motor\/produto\/bmw-320i\/#primaryimage"},"thumbnailUrl":"https:\/\/site.bistec.com.br\/motor\/wp-content\/uploads\/2024\/08\/bmw-320i-2-0-16v-turbo-flex-m-sport-automatico-wmimagem20284967520.webp","datePublished":"2024-08-16T17:01:28+00:00","breadcrumb":{"@id":"https:\/\/site.bistec.com.br\/motor\/produto\/bmw-320i\/#breadcrumb"},"inLanguage":"pt-PT","potentialAction":[{"@type":"ReadAction","target":["https:\/\/site.bistec.com.br\/motor\/produto\/bmw-320i\/"]}]},{"@type":"ImageObject","inLanguage":"pt-PT","@id":"https:\/\/site.bistec.com.br\/motor\/produto\/bmw-320i\/#primaryimage","url":"https:\/\/site.bistec.com.br\/motor\/wp-content\/uploads\/2024\/08\/bmw-320i-2-0-16v-turbo-flex-m-sport-automatico-wmimagem20284967520.webp","contentUrl":"https:\/\/site.bistec.com.br\/motor\/wp-content\/uploads\/2024\/08\/bmw-320i-2-0-16v-turbo-flex-m-sport-automatico-wmimagem20284967520.webp","width":552,"height":414},{"@type":"BreadcrumbList","@id":"https:\/\/site.bistec.com.br\/motor\/produto\/bmw-320i\/#breadcrumb","itemListElement":[{"@type":"ListItem","position":1,"name":"In\u00edcio","item":"https:\/\/site.bistec.com.br\/motor\/"},{"@type":"ListItem","position":2,"name":"Estoque","item":"https:\/\/site.bistec.com.br\/motor\/estoque\/"},{"@type":"ListItem","position":3,"name":"BMW 320i"}]},{"@type":"WebSite","@id":"https:\/\/site.bistec.com.br\/motor\/#website","url":"https:\/\/site.bistec.com.br\/motor\/","name":"Bistec Motors - Site Modelo","description":"Loja modelo Automotivo","publisher":{"@id":"https:\/\/site.bistec.com.br\/motor\/#organization"},"potentialAction":[{"@type":"SearchAction","target":{"@type":"EntryPoint","urlTemplate":"https:\/\/site.bistec.com.br\/motor\/?s={search_term_string}"},"query-input":{"@type":"PropertyValueSpecification","valueRequired":true,"valueName":"search_term_string"}}],"inLanguage":"pt-PT"},{"@type":"Organization","@id":"https:\/\/site.bistec.com.br\/motor\/#organization","name":"Bistec","url":"https:\/\/site.bistec.com.br\/motor\/","logo":{"@type":"ImageObject","inLanguage":"pt-PT","@id":"https:\/\/site.bistec.com.br\/motor\/#\/schema\/logo\/image\/","url":"https:\/\/site.bistec.com.br\/motor\/wp-content\/uploads\/2024\/08\/Logotipo-Extenso.png","contentUrl":"https:\/\/site.bistec.com.br\/motor\/wp-content\/uploads\/2024\/08\/Logotipo-Extenso.png","width":1073,"height":565,"caption":"Bistec"},"image":{"@id":"https:\/\/site.bistec.com.br\/motor\/#\/schema\/logo\/image\/"}}]}},"_links":{"self":[{"href":"https:\/\/site.bistec.com.br\/motor\/wp-json\/wp\/v2\/product\/176","targetHints":{"allow":["GET"]}}],"collection":[{"href":"https:\/\/site.bistec.com.br\/motor\/wp-json\/wp\/v2\/product"}],"about":[{"href":"https:\/\/site.bistec.com.br\/motor\/wp-json\/wp\/v2\/types\/product"}],"replies":[{"embeddable":true,"href":"https:\/\/site.bistec.com.br\/motor\/wp-json\/wp\/v2\/comments?post=176"}],"wp:featuredmedia":[{"embeddable":true,"href":"https:\/\/site.bistec.com.br\/motor\/wp-json\/wp\/v2\/media\/177"}],"wp:attachment":[{"href":"https:\/\/site.bistec.com.br\/motor\/wp-json\/wp\/v2\/media?parent=176"}],"wp:term":[{"taxonomy":"product_brand","embeddable":true,"href":"https:\/\/site.bistec.com.br\/motor\/wp-json\/wp\/v2\/product_brand?post=176"},{"taxonomy":"product_cat","embeddable":true,"href":"https:\/\/site.bistec.com.br\/motor\/wp-json\/wp\/v2\/product_cat?post=176"},{"taxonomy":"product_tag","embeddable":true,"href":"https:\/\/site.bistec.com.br\/motor\/wp-json\/wp\/v2\/product_tag?post=176"}],"curies":[{"name":"wp","href":"https:\/\/api.w.org\/{rel}","templated":true}]}}